{"id":90,"date":"2017-03-25T18:36:49","date_gmt":"2017-03-25T17:36:49","guid":{"rendered":"http:\/\/2017.copenhagen.wordcamp.org\/?page_id=90"},"modified":"2017-05-12T14:33:52","modified_gmt":"2017-05-12T13:33:52","slug":"om","status":"publish","type":"page","link":"https:\/\/copenhagen.wordcamp.org\/2017\/om\/","title":{"rendered":"Om\/About"},"content":{"rendered":"<p>***English Version below***<\/p>\n<p>En WordCamp er en afslappet konference organiseret af WordPress-brugerne selv og emnerne der behandles kan v\u00e6re meget forskellige &#8211; dog med fokus p\u00e5 WordPress. WordPress er et stykke software, som personer og virksomheder kan bruge til at udgive til indhold p\u00e5 internettet. Kort sagt til at lave en hjemmeside.<\/p>\n<p>I skrivende stund er ca. 30% af webstederne p\u00e5 internettet bygget med WordPress (<a href=\"http:\/\/w3techs.com\/technologies\/overview\/content_management\/all\" target=\"_blank\" rel=\"noopener noreferrer\">her er lidt statistik<\/a>).<\/p>\n<p>WordCamps kommer i mange varianter, alt efter hvem der organiserer, men som regel indeholder WordCamps opl\u00e6g om, hvordan du bruge WordPress mere effektivt. Startende med Tema og Plugin-udvikling, avancerede teknikker, sikkerhed osv., men ogs\u00e5 til hvordan du f\u00e5r bedre indhold p\u00e5 in side. For at f\u00e5 et indtryk af de forskellige typer af indl\u00e6g, s\u00e5 se eventuelt videoer fra tidligere WordCamps i Danmark.<\/p>\n<p>WordCamps er for b\u00e5de helt nye WordPress-brugere og topprofessionelle udviklere og konsulenter, og ofte kombineres et fast program med almindelig hygge og netv\u00e6rksarbejde i pauserne. Den f\u00f8rste WordCamp blev afholdt i San Francisco af Matt Mullenweg i 2006, og siden da har lokale f\u00e6llesskaber rundt om i verden afholdt hundredevis af WordCamps. I Danmark havde vi den f\u00f8rste WordCamp Denmark i K\u00f8benhavn i 2010. Siden har der v\u00e6ret afholdt yderligere seks WordCamps. Fem i K\u00f8benhavn og en i \u00c5rhus. I 2017 bliver det holdt hos Aalborg Universitet i K\u00f8benhavn.<\/p>\n<hr \/>\n<p>A WordCamp is a casual conference organized by the WordPress users themselves and the topics handled can be very different &#8211; however, with a focus\u00a0on WordPress. WordPress is software that individuals and companies can use to publish content on the internet. In short, in order to create a website.<\/p>\n<p>At the time of writing, approx. 30% of websites are built with WordPress (here are some statistics).<\/p>\n<p>WordCamps comes in many variations, depending on who organizes the event, but usually contains WordCamp&#8217;s presentation on how to use WordPress more effectively. Beginning\u00a0with Theme and Plugin Development, Advanced Techniques, Security, and so on, but also how to get better content on your WordPress website. To get an impression of the different types of posts, please see videos from previous WordCamps in Denmark.<\/p>\n<p>WordCamps are for both brand new WordPress users and the most experienced, professional developers and consultants, and often combines a regular program with regular entertainment and networking during the breaks. The first WordCamp was held in San Francisco by Matt Mullenweg in 2006, and since then, local communities around the world have held hundreds of WordCamps. In Denmark, we had the first WordCamp Denmark in Copenhagen in 2010. Since then, six WordCamps have been held &#8211; five in Copenhagen and one in Aarhus. In 2017 it will be held at Aalborg University in Copenhagen.<\/p>\n","protected":false},"excerpt":{"rendered":"<p>***English Version below*** En WordCamp er en afslappet konference organiseret af WordPress-brugerne selv og emnerne der behandles kan v\u00e6re meget forskellige &#8211; dog med fokus p\u00e5 WordPress. WordPress er et stykke software, som personer og virksomheder kan bruge til at udgive til indhold p\u00e5 internettet. Kort sagt til at lave en hjemmeside. I skrivende stund &hellip; <a href=\"https:\/\/copenhagen.wordcamp.org\/2017\/om\/\" class=\"more-link\">Continue reading <span class=\"screen-reader-text\">Om\/About<\/span> <span class=\"meta-nav\">&rarr;<\/span><\/a><\/p>\n","protected":false},"author":50198,"featured_media":0,"parent":0,"menu_order":0,"comment_status":"closed","ping_status":"closed","template":"","meta":{"jetpack_post_was_ever_published":false,"footnotes":""},"class_list":["post-90","page","type-page","status-publish","hentry"],"jetpack_sharing_enabled":true,"jetpack_shortlink":"https:\/\/wp.me\/P7PoA5-1s","_links":{"self":[{"href":"https:\/\/copenhagen.wordcamp.org\/2017\/wp-json\/wp\/v2\/pages\/90","targetHints":{"allow":["GET"]}}],"collection":[{"href":"https:\/\/copenhagen.wordcamp.org\/2017\/wp-json\/wp\/v2\/pages"}],"about":[{"href":"https:\/\/copenhagen.wordcamp.org\/2017\/wp-json\/wp\/v2\/types\/page"}],"author":[{"embeddable":true,"href":"https:\/\/copenhagen.wordcamp.org\/2017\/wp-json\/wp\/v2\/users\/50198"}],"replies":[{"embeddable":true,"href":"https:\/\/copenhagen.wordcamp.org\/2017\/wp-json\/wp\/v2\/comments?post=90"}],"version-history":[{"count":5,"href":"https:\/\/copenhagen.wordcamp.org\/2017\/wp-json\/wp\/v2\/pages\/90\/revisions"}],"predecessor-version":[{"id":433,"href":"https:\/\/copenhagen.wordcamp.org\/2017\/wp-json\/wp\/v2\/pages\/90\/revisions\/433"}],"wp:attachment":[{"href":"https:\/\/copenhagen.wordcamp.org\/2017\/wp-json\/wp\/v2\/media?parent=90"}],"curies":[{"name":"wp","href":"https:\/\/api.w.org\/{rel}","templated":true}]}}