{"id":84,"date":"2017-03-25T17:52:17","date_gmt":"2017-03-25T16:52:17","guid":{"rendered":"http:\/\/2017.copenhagen.wordcamp.org\/?page_id=84"},"modified":"2017-05-12T14:09:44","modified_gmt":"2017-05-12T13:09:44","slug":"sponsorer","status":"publish","type":"page","link":"https:\/\/copenhagen.wordcamp.org\/2017\/sponsorer\/","title":{"rendered":"Sponsorer\/Sponsors"},"content":{"rendered":"<h3>Vores sponsorer<\/h3>\n<p>Vi vil gerne takke nedenst\u00e5ende firmaer for at bidrage til det danske WordPress-f\u00e6llesskab. Vi v\u00e6rds\u00e6tter al den st\u00f8tte, vi kan f\u00e5 og det hele g\u00e5r direkte tilbage til f\u00e6llesskabet.<\/p>\n<p>Er det noget for dig og dit firma, s\u00e5 g\u00e5 til vores <a href=\"https:\/\/2017.copenhagen.wordcamp.org\/sponsors\/bliv-sponsor\/\" rel=\"nofollow\">bliv sponsor<\/a>-side for at se, hvordan du kan bidrage til dette \u00e5rs WordCamp og hj\u00e6lpe det til at blive den bedste nogensinde.<\/p>\n\n\t<div class=\"wcorg-sponsors\">\n\t\t\n\t\t\t<div class=\"wcorg-sponsor-level-globale-sponsorer-global-community-sponsors\">\n\t\t\t\t<h2>Globale sponsorer (Global Community sponsors)<\/h2>\n\n\t\t\t\t\n\t\t\t\t\t<div id=\"wcorg-sponsor-369\" class=\"wcorg-sponsor\">\n\t\t\t\t\t\t\t\t\t\t\t\t\t\t\t\t\t\t\t\t\t<h3>\n\t\t\t\t\t\t\t\t\tJetpack\t\t\t\t\t\t\t\t<\/h3>\n\t\t\t\t\t\t\t\t\t\t\t\t\t\n\t\t\t\t\t\t<div class=\"wcorg-sponsor-description\">\n\t\t\t\t\t\t\t\t\t\t\t\t\t\t\t<img loading=\"lazy\" decoding=\"async\" width=\"940\" height=\"198\" src=\"https:\/\/copenhagen.wordcamp.org\/2017\/files\/2017\/05\/jetpack-logo-horizontal-940x198.png\" class=\"attachment-wcb-sponsor-logo-horizontal-2x size-wcb-sponsor-logo-horizontal-2x wp-post-image\" alt=\"Jetpack\" srcset=\"https:\/\/copenhagen.wordcamp.org\/2017\/files\/2017\/05\/jetpack-logo-horizontal-940x198.png 940w, https:\/\/copenhagen.wordcamp.org\/2017\/files\/2017\/05\/jetpack-logo-horizontal-940x198-300x63.png 300w, https:\/\/copenhagen.wordcamp.org\/2017\/files\/2017\/05\/jetpack-logo-horizontal-940x198-768x162.png 768w, https:\/\/copenhagen.wordcamp.org\/2017\/files\/2017\/05\/jetpack-logo-horizontal-940x198-500x105.png 500w\" sizes=\"auto, (max-width: 940px) 100vw, 940px\" \/>\t\t\t\t\t\t\t\n\t\t\t\t\t\t\t\t\t\t\t\t\t\t\t<div>\n<p>Transform how you work with your WordPress sites and rest easy knowing they\u2019re always firing on all cylinders. Jetpack connects your site to the global services, community, and support provided by WordPress.com so you can focus on the stuff that matters.<\/p>\n<p>Jetpack automatically shields your site from the unwanted attention of spammers, hackers, and malware, while real-time sync and backup means you don\u2019t have to worry about data loss. Straightforward traffic-building tools help you attract the attention of readers and search engines. Pages and videos are delivered at high speed from a global, ad-free content delivery network.<\/p>\n<p>Jetpack sends new content directly to your subscribers\u2019 inboxes and shows readers related content, helping you increase page views per visitor and boost ad revenue. Whenever you need it, you can rely on priority support from our global team of WordPress experts to ensure a friction-free experience for your visitors \u2014 and for you.<\/p>\n<p>Make your site work for you. Get your Jetpack today at <a href=\"http:\/\/jetpack.com\" rel=\"nofollow\">Jetpack.com<\/a><\/p>\n<\/div>\n\t\t\t\t\t\t\t\t\t\t\t\t\t<\/div>\n\t\t\t\t\t<\/div><!-- #sponsor -->\n\t\t\t\t\n\t\t\t\t\t<div id=\"wcorg-sponsor-372\" class=\"wcorg-sponsor\">\n\t\t\t\t\t\t\t\t\t\t\t\t\t\t\t\t\t\t\t\t\t<h3>\n\t\t\t\t\t\t\t\t\tWooCommerce\t\t\t\t\t\t\t\t<\/h3>\n\t\t\t\t\t\t\t\t\t\t\t\t\t\n\t\t\t\t\t\t<div class=\"wcorg-sponsor-description\">\n\t\t\t\t\t\t\t\t\t\t\t\t\t\t\t<img loading=\"lazy\" decoding=\"async\" width=\"5000\" height=\"1015\" src=\"https:\/\/copenhagen.wordcamp.org\/2017\/files\/2017\/05\/WooCommerce_logo_Woo_Commerce.png\" class=\"attachment-wcb-sponsor-logo-horizontal-2x size-wcb-sponsor-logo-horizontal-2x wp-post-image\" alt=\"WooCommerce\" srcset=\"https:\/\/copenhagen.wordcamp.org\/2017\/files\/2017\/05\/WooCommerce_logo_Woo_Commerce.png 5000w, https:\/\/copenhagen.wordcamp.org\/2017\/files\/2017\/05\/WooCommerce_logo_Woo_Commerce-300x61.png 300w, https:\/\/copenhagen.wordcamp.org\/2017\/files\/2017\/05\/WooCommerce_logo_Woo_Commerce-768x156.png 768w, https:\/\/copenhagen.wordcamp.org\/2017\/files\/2017\/05\/WooCommerce_logo_Woo_Commerce-1024x208.png 1024w, https:\/\/copenhagen.wordcamp.org\/2017\/files\/2017\/05\/WooCommerce_logo_Woo_Commerce-500x102.png 500w\" sizes=\"auto, (max-width: 5000px) 100vw, 5000px\" \/>\t\t\t\t\t\t\t\n\t\t\t\t\t\t\t\t\t\t\t\t\t\t\t<p>Here\u2019s the company description for WooCommerce for your website:<\/p>\n<p>37% of all online stores are powered by WooCommerce. Built on WordPress, WooCommerce is a fully customizable, open source\u00a0eCommerce\u00a0solution.<\/p>\n<ul>\n<li><a href=\"https:\/\/href.li\/?https:\/\/wordpress.org\/plugins\/woocommerce\/stats\/\" rel=\"nofollow\">1+ million active installations<\/a><\/li>\n<li>16+ million downloads<\/li>\n<li>400+ extensions to add functionality<\/li>\n<\/ul>\n<p>Whether you\u2019re selling a few handcrafted items to a niche market, taking an existing business online, or going global with an enterprise level eCommerce business\u00a0\u2013 WooCommerce will get you set up and selling fast and\u00a0scale securely as you grow. Plus your content will be forever yours and customizable down to the finest button color.<\/p>\n<p>Developed and supported by a distributed team, WooCommerce is powered\u00a0by Automattic, the creators of <a href=\"http:\/\/WordPress.com\" rel=\"nofollow\">WordPress.com<\/a>.<\/p>\n\t\t\t\t\t\t\t\t\t\t\t\t\t<\/div>\n\t\t\t\t\t<\/div><!-- #sponsor -->\n\t\t\t\t\n\t\t\t\t\t<div id=\"wcorg-sponsor-385\" class=\"wcorg-sponsor\">\n\t\t\t\t\t\t\t\t\t\t\t\t\t\t\t\t\t\t\t\t\t<h3>\n\t\t\t\t\t\t\t\t\tGoDaddy\t\t\t\t\t\t\t\t<\/h3>\n\t\t\t\t\t\t\t\t\t\t\t\t\t\n\t\t\t\t\t\t<div class=\"wcorg-sponsor-description\">\n\t\t\t\t\t\t\t\t\t\t\t\t\t\t\t<img loading=\"lazy\" decoding=\"async\" width=\"940\" height=\"198\" src=\"https:\/\/copenhagen.wordcamp.org\/2017\/files\/2017\/05\/GoDaddy_Pro-940x198.png\" class=\"attachment-wcb-sponsor-logo-horizontal-2x size-wcb-sponsor-logo-horizontal-2x wp-post-image\" alt=\"GoDaddy\" srcset=\"https:\/\/copenhagen.wordcamp.org\/2017\/files\/2017\/05\/GoDaddy_Pro-940x198.png 940w, https:\/\/copenhagen.wordcamp.org\/2017\/files\/2017\/05\/GoDaddy_Pro-940x198-300x63.png 300w, https:\/\/copenhagen.wordcamp.org\/2017\/files\/2017\/05\/GoDaddy_Pro-940x198-768x162.png 768w, https:\/\/copenhagen.wordcamp.org\/2017\/files\/2017\/05\/GoDaddy_Pro-940x198-500x105.png 500w\" sizes=\"auto, (max-width: 940px) 100vw, 940px\" \/>\t\t\t\t\t\t\t\n\t\t\t\t\t\t\t\t\t\t\t\t\t\t\t<div>\n<p>GoDaddy Pro is a free membership program for web developers, designers &amp; agencies. It offers exclusive tools to help onboard, manage and maintain multiple clients and their sites fast and easy. With GoDaddy Pro tools, you can easily shop for your client, monitor their sites, and manage their products from a single dashboard. Additionally, your membership includes advanced 24\/7 technical support and rewards for recommending GoDaddy to your clients.<\/p>\n<p>You can use GoDaddy Pro with all of GoDaddy\u2019s newly refreshed hosting products, including Managed WordPress, cPanel shared hosting, our brand new cloud product, and our virtual and dedicated solutions.<\/p>\n<p>And, always get the best price on GoDaddy products with your \u201c30% off list price\u201d member benefit.<\/p>\n<p><a href=\"http:\/\/www.godaddy.com\/pro\/managewp?cvosrc=advocacy.evangelism.wcg17\" rel=\"nofollow\">Learn more<\/a>\u00a0about GoDaddy Pro.<\/p>\n<\/div>\n\t\t\t\t\t\t\t\t\t\t\t\t\t<\/div>\n\t\t\t\t\t<\/div><!-- #sponsor -->\n\t\t\t\t\n\t\t\t\t\t<div id=\"wcorg-sponsor-388\" class=\"wcorg-sponsor\">\n\t\t\t\t\t\t\t\t\t\t\t\t\t\t\t\t\t\t\t\t\t<h3>\n\t\t\t\t\t\t\t\t\tBluehost\t\t\t\t\t\t\t\t<\/h3>\n\t\t\t\t\t\t\t\t\t\t\t\t\t\n\t\t\t\t\t\t<div class=\"wcorg-sponsor-description\">\n\t\t\t\t\t\t\t\t\t\t\t\t\t\t\t<img loading=\"lazy\" decoding=\"async\" width=\"651\" height=\"137\" src=\"https:\/\/copenhagen.wordcamp.org\/2017\/files\/2017\/05\/bh_logo_2015.png\" class=\"attachment-wcb-sponsor-logo-horizontal-2x size-wcb-sponsor-logo-horizontal-2x wp-post-image\" alt=\"Bluehost\" srcset=\"https:\/\/copenhagen.wordcamp.org\/2017\/files\/2017\/05\/bh_logo_2015.png 651w, https:\/\/copenhagen.wordcamp.org\/2017\/files\/2017\/05\/bh_logo_2015-300x63.png 300w, https:\/\/copenhagen.wordcamp.org\/2017\/files\/2017\/05\/bh_logo_2015-500x105.png 500w\" sizes=\"auto, (max-width: 651px) 100vw, 651px\" \/>\t\t\t\t\t\t\t\n\t\t\t\t\t\t\t\t\t\t\t\t\t\t\t<p><a href=\"https:\/\/www.bluehost.com\/\" rel=\"nofollow\">Bluehost<\/a> has been a WordPress partner since 2005 and powers over 1 million WordPress sites worldwide. Their objective is to help customers, whether novice or pro, create a thriving online presence at an affordable price. With a team of in-house tech experts available 24\/7, Bluehost dedicates time and resources to providing the best support and services in the industry. Join millions of other site owners and see what Bluehost can do for you and your online presence.<\/p>\n\t\t\t\t\t\t\t\t\t\t\t\t\t<\/div>\n\t\t\t\t\t<\/div><!-- #sponsor -->\n\t\t\t\t\n\t\t\t\t\t<div id=\"wcorg-sponsor-391\" class=\"wcorg-sponsor\">\n\t\t\t\t\t\t\t\t\t\t\t\t\t\t\t\t\t\t\t\t\t<h3>\n\t\t\t\t\t\t\t\t\tWPML\t\t\t\t\t\t\t\t<\/h3>\n\t\t\t\t\t\t\t\t\t\t\t\t\t\n\t\t\t\t\t\t<div class=\"wcorg-sponsor-description\">\n\t\t\t\t\t\t\t\t\t\t\t\t\t\t\t<img loading=\"lazy\" decoding=\"async\" width=\"940\" height=\"198\" src=\"https:\/\/copenhagen.wordcamp.org\/2017\/files\/2017\/05\/wpml-web-940x198.png\" class=\"attachment-wcb-sponsor-logo-horizontal-2x size-wcb-sponsor-logo-horizontal-2x wp-post-image\" alt=\"WPML\" srcset=\"https:\/\/copenhagen.wordcamp.org\/2017\/files\/2017\/05\/wpml-web-940x198.png 940w, https:\/\/copenhagen.wordcamp.org\/2017\/files\/2017\/05\/wpml-web-940x198-300x63.png 300w, https:\/\/copenhagen.wordcamp.org\/2017\/files\/2017\/05\/wpml-web-940x198-768x162.png 768w, https:\/\/copenhagen.wordcamp.org\/2017\/files\/2017\/05\/wpml-web-940x198-500x105.png 500w\" sizes=\"auto, (max-width: 940px) 100vw, 940px\" \/>\t\t\t\t\t\t\t\n\t\t\t\t\t\t\t\t\t\t\t\t\t\t\t<div>\n<div>WPML turns WordPress websites multilingual. It works with caching, SEO and E-Commerce plugins, and allows the building of complete multilingual sites. WPML powers simple blogs as well as corporate and enterprise sites.<\/div>\n<div>\n<p>WPML allows users to translate everything in the site, including content, menus, widgets and even theme and plugin texts. WPML powers over 500,000 commercial websites from all over the world.<\/p>\n<p>More information about going multilingual can be found at\u00a0<a href=\"http:\/\/wpml.org\/\" target=\"_blank\" rel=\"noopener noreferrer nofollow\">WPML.org<\/a><\/p>\n<p>We are looking for talent. If you are a smart programmer you are welcome to contact us here: <a href=\"http:\/\/wpml.org\/home\/were-hiring\/\" target=\"_blank\" rel=\"noopener noreferrer nofollow\">http:\/\/wpml.org\/home\/were-hiring\/<\/a>.<\/p>\n<\/div>\n<\/div>\n\t\t\t\t\t\t\t\t\t\t\t\t\t<\/div>\n\t\t\t\t\t<\/div><!-- #sponsor -->\n\t\t\t\t\t\t\t<\/div><!-- .wcorg-sponsor-level -->\n\t\t\n\t\t\t<div class=\"wcorg-sponsor-level-administrator\">\n\t\t\t\t<h2>Administrator<\/h2>\n\n\t\t\t\t\n\t\t\t\t\t<div id=\"wcorg-sponsor-709\" class=\"wcorg-sponsor\">\n\t\t\t\t\t\t\t\t\t\t\t\t\t\t\t\t\t\t\t\t\t<h3>\n\t\t\t\t\t\t\t\t\tPeytz &amp; Co\t\t\t\t\t\t\t\t<\/h3>\n\t\t\t\t\t\t\t\t\t\t\t\t\t\n\t\t\t\t\t\t<div class=\"wcorg-sponsor-description\">\n\t\t\t\t\t\t\t\t\t\t\t\t\t\t\t<img loading=\"lazy\" decoding=\"async\" width=\"1000\" height=\"250\" src=\"https:\/\/copenhagen.wordcamp.org\/2017\/files\/2017\/05\/Peytz_logo.jpg\" class=\"attachment-wcb-sponsor-logo-horizontal-2x size-wcb-sponsor-logo-horizontal-2x wp-post-image\" alt=\"Peytz &amp; Co\" srcset=\"https:\/\/copenhagen.wordcamp.org\/2017\/files\/2017\/05\/Peytz_logo.jpg 1000w, https:\/\/copenhagen.wordcamp.org\/2017\/files\/2017\/05\/Peytz_logo-300x75.jpg 300w, https:\/\/copenhagen.wordcamp.org\/2017\/files\/2017\/05\/Peytz_logo-768x192.jpg 768w, https:\/\/copenhagen.wordcamp.org\/2017\/files\/2017\/05\/Peytz_logo-500x125.jpg 500w\" sizes=\"auto, (max-width: 1000px) 100vw, 1000px\" \/>\t\t\t\t\t\t\t\n\t\t\t\t\t\t\t\t\t\t\t\t\t\t\t<p>Peytz &amp; Co er et 360\u00ba digitalt bureau med godt 100 ansatte. Vores hovedkontor ligger i K\u00f8benhavn NV, og derudover har vi kontorer i Aarhus, Oslo i Norge, Sofia i Bulgarien og Chisinau i Moldova. Vi leverer analyse, strategi, koncept, design, udvikling og drift og vores tekniske fokus er p\u00e5 open source l\u00f8sninger. Vi har h\u00f8je ambitioner for vores kunder, hvad ang\u00e5r internet, data og webl\u00f8sninger, og vi br\u00e6nder for at lave kreative, resultatskabende l\u00f8sninger for vores kunder. Med mere end 6 \u00e5rs ekspertise er vi et af Danmarks st\u00f8rste og mest erfarne WordPress huse. Med vores egne skr\u00e6ddersyede temaer laver vi komplekse, flotte og prisvindende sites, som vi bygger fra bunden ud fra kundens individuelle behov. Vores WordPress kunder t\u00e6ller bl.a. Danmarks Radio, Hjerteforeningen, Jyske Bank, Skagens Kunstmuseer, Spejderne og FC Nordsj\u00e6lland.<\/p>\n\t\t\t\t\t\t\t\t\t\t\t\t\t<\/div>\n\t\t\t\t\t<\/div><!-- #sponsor -->\n\t\t\t\t\t\t\t<\/div><!-- .wcorg-sponsor-level -->\n\t\t\n\t\t\t<div class=\"wcorg-sponsor-level-forfatter\">\n\t\t\t\t<h2>Forfatter<\/h2>\n\n\t\t\t\t\n\t\t\t\t\t<div id=\"wcorg-sponsor-394\" class=\"wcorg-sponsor\">\n\t\t\t\t\t\t\t\t\t\t\t\t\t\t\t\t\t\t\t\t\t<h3>\n\t\t\t\t\t\t\t\t\tWP Engine\t\t\t\t\t\t\t\t<\/h3>\n\t\t\t\t\t\t\t\t\t\t\t\t\t\n\t\t\t\t\t\t<div class=\"wcorg-sponsor-description\">\n\t\t\t\t\t\t\t\t\t\t\t\t\t\t\t<img loading=\"lazy\" decoding=\"async\" width=\"1000\" height=\"265\" src=\"https:\/\/copenhagen.wordcamp.org\/2017\/files\/2017\/05\/wp_engine_logo.png\" class=\"attachment-wcb-sponsor-logo-horizontal-2x size-wcb-sponsor-logo-horizontal-2x wp-post-image\" alt=\"WP Engine\" srcset=\"https:\/\/copenhagen.wordcamp.org\/2017\/files\/2017\/05\/wp_engine_logo.png 1000w, https:\/\/copenhagen.wordcamp.org\/2017\/files\/2017\/05\/wp_engine_logo-300x80.png 300w, https:\/\/copenhagen.wordcamp.org\/2017\/files\/2017\/05\/wp_engine_logo-768x204.png 768w, https:\/\/copenhagen.wordcamp.org\/2017\/files\/2017\/05\/wp_engine_logo-500x133.png 500w\" sizes=\"auto, (max-width: 1000px) 100vw, 1000px\" \/>\t\t\t\t\t\t\t\n\t\t\t\t\t\t\t\t\t\t\t\t\t\t\t<p>WP Engine powers amazing digital experiences for websites and applications built on WordPress. The company\u2019s premium managed hosting platform provides the performance, reliability and security required by the biggest brands and agencies in the world, while remaining affordable and intuitive for smaller businesses and individuals. Our award-winning customer service team of WordPress experts is trusted by over 60,000 companies across over 130 countries to quickly solve technical problems, and create a world-class customer experience. The company\u2019s exceptional customer service team comprises rigorously-trained WordPress experts and is the fastest-growing WordPress support team in the industry. This award-winning support team specialises in quickly solving technical problems, and creating a world-class customer experience for its customers. Founded in 2010, WP Engine is headquartered in Austin, Texas, and has offices in San Francisco, California, San Antonio, Texas, London, England, and Limerick, Ireland.<\/p>\n\t\t\t\t\t\t\t\t\t\t\t\t\t<\/div>\n\t\t\t\t\t<\/div><!-- #sponsor -->\n\t\t\t\t\n\t\t\t\t\t<div id=\"wcorg-sponsor-397\" class=\"wcorg-sponsor\">\n\t\t\t\t\t\t\t\t\t\t\t\t\t\t\t\t\t\t\t\t\t<h3>\n\t\t\t\t\t\t\t\t\tReneSejling.dk\t\t\t\t\t\t\t\t<\/h3>\n\t\t\t\t\t\t\t\t\t\t\t\t\t\n\t\t\t\t\t\t<div class=\"wcorg-sponsor-description\">\n\t\t\t\t\t\t\t\t\t\t\t\t\t\t\t<img loading=\"lazy\" decoding=\"async\" width=\"700\" height=\"105\" src=\"https:\/\/copenhagen.wordcamp.org\/2017\/files\/2017\/05\/logo_final_curves.png\" class=\"attachment-wcb-sponsor-logo-horizontal-2x size-wcb-sponsor-logo-horizontal-2x wp-post-image\" alt=\"ReneSejling.dk\" srcset=\"https:\/\/copenhagen.wordcamp.org\/2017\/files\/2017\/05\/logo_final_curves.png 700w, https:\/\/copenhagen.wordcamp.org\/2017\/files\/2017\/05\/logo_final_curves-300x45.png 300w, https:\/\/copenhagen.wordcamp.org\/2017\/files\/2017\/05\/logo_final_curves-500x75.png 500w\" sizes=\"auto, (max-width: 700px) 100vw, 700px\" \/>\t\t\t\t\t\t\t\n\t\t\t\t\t\t\t\t\t\t\t\t\t\t\t<div><a href=\"http:\/\/renesejling.dk\/\" target=\"_blank\" rel=\"noopener noreferrer nofollow\">ReneSejling.dk<\/a>\u00a0blev startet i 2007 af Ren\u00e9 Sejling. Ren\u00e9 Sejling har v\u00e6ret i internetbranchen siden 1995 og har snart 10 \u00e5rs erfaring med WordPress. <a href=\"http:\/\/renesejling.dk\/\" target=\"_blank\" rel=\"noopener noreferrer nofollow\">ReneSejling.dk<\/a>\u00a0laver professionelle WordPress-l\u00f8sninger med udgangspunkt i kundens behov. Derudover laver vi WooCommerce webshop-l\u00f8sninger og l\u00f8bende support og vedligeholdelse baseret p\u00e5 god service, stor sikkerhed til en god pris.<\/div>\n\t\t\t\t\t\t\t\t\t\t\t\t\t<\/div>\n\t\t\t\t\t<\/div><!-- #sponsor -->\n\t\t\t\t\n\t\t\t\t\t<div id=\"wcorg-sponsor-652\" class=\"wcorg-sponsor\">\n\t\t\t\t\t\t\t\t\t\t\t\t\t\t\t\t\t\t\t\t\t<h3>\n\t\t\t\t\t\t\t\t\tSeravo\t\t\t\t\t\t\t\t<\/h3>\n\t\t\t\t\t\t\t\t\t\t\t\t\t\n\t\t\t\t\t\t<div class=\"wcorg-sponsor-description\">\n\t\t\t\t\t\t\t\t\t\t\t\t\t\t\t<img loading=\"lazy\" decoding=\"async\" width=\"2022\" height=\"1486\" src=\"https:\/\/copenhagen.wordcamp.org\/2017\/files\/2017\/05\/seravo_logo.png\" class=\"attachment-wcb-sponsor-logo-horizontal-2x size-wcb-sponsor-logo-horizontal-2x wp-post-image\" alt=\"Seravo\" srcset=\"https:\/\/copenhagen.wordcamp.org\/2017\/files\/2017\/05\/seravo_logo.png 2022w, https:\/\/copenhagen.wordcamp.org\/2017\/files\/2017\/05\/seravo_logo-300x220.png 300w, https:\/\/copenhagen.wordcamp.org\/2017\/files\/2017\/05\/seravo_logo-768x564.png 768w, https:\/\/copenhagen.wordcamp.org\/2017\/files\/2017\/05\/seravo_logo-1024x753.png 1024w, https:\/\/copenhagen.wordcamp.org\/2017\/files\/2017\/05\/seravo_logo-408x300.png 408w\" sizes=\"auto, (max-width: 2022px) 100vw, 2022px\" \/>\t\t\t\t\t\t\t\n\t\t\t\t\t\t\t\t\t\t\t\t\t\t\t<p>Premium hosting and professional upkeep for your WordPress sites. Seravo is a Nordic cloud hosting service aimed at enterprise WordPress solutions. We take care of performance, updates and security so you can build your site and your business easily, flexibly and safely. We offer all the needed tools for developers and expert service for all customers. Read more about our services and features at <a href=\"https:\/\/seravo.com\/\" rel=\"nofollow\">https:\/\/seravo.com\/<\/a> and follow @Seravo on Twitter. You can also meet us during WordCamp Denmark!<\/p>\n\t\t\t\t\t\t\t\t\t\t\t\t\t<\/div>\n\t\t\t\t\t<\/div><!-- #sponsor -->\n\t\t\t\t\t\t\t<\/div><!-- .wcorg-sponsor-level -->\n\t\t\n\t\t\t<div class=\"wcorg-sponsor-level-bidragyder\">\n\t\t\t\t<h2>Bidragyder<\/h2>\n\n\t\t\t\t\n\t\t\t\t\t<div id=\"wcorg-sponsor-649\" class=\"wcorg-sponsor\">\n\t\t\t\t\t\t\t\t\t\t\t\t\t\t\t\t\t\t\t\t\t<h3>\n\t\t\t\t\t\t\t\t\tWODAX\t\t\t\t\t\t\t\t<\/h3>\n\t\t\t\t\t\t\t\t\t\t\t\t\t\n\t\t\t\t\t\t<div class=\"wcorg-sponsor-description\">\n\t\t\t\t\t\t\t\t\t\t\t\t\t\t\t<img loading=\"lazy\" decoding=\"async\" width=\"1195\" height=\"278\" src=\"https:\/\/copenhagen.wordcamp.org\/2017\/files\/2017\/05\/wodax-logo.png\" class=\"attachment-wcb-sponsor-logo-horizontal-2x size-wcb-sponsor-logo-horizontal-2x wp-post-image\" alt=\"WODAX\" srcset=\"https:\/\/copenhagen.wordcamp.org\/2017\/files\/2017\/05\/wodax-logo.png 1195w, https:\/\/copenhagen.wordcamp.org\/2017\/files\/2017\/05\/wodax-logo-300x70.png 300w, https:\/\/copenhagen.wordcamp.org\/2017\/files\/2017\/05\/wodax-logo-768x179.png 768w, https:\/\/copenhagen.wordcamp.org\/2017\/files\/2017\/05\/wodax-logo-1024x238.png 1024w, https:\/\/copenhagen.wordcamp.org\/2017\/files\/2017\/05\/wodax-logo-500x116.png 500w\" sizes=\"auto, (max-width: 1195px) 100vw, 1195px\" \/>\t\t\t\t\t\t\t\n\t\t\t\t\t\t\t\t\t\t\t\t\t\t\t<p>WODAX hj\u00e6lper sm\u00e5- og mellemstore virksomheder og foreninger med IT omkring deres administration og hjemmeside. N\u00e5r det drejer sig om hjemmesider, s\u00e5 er vi rigtig glade for WordPress! Vi tilstr\u00e6ber altid at levere de en gennemarbejdet l\u00f8sning s\u00e5 vores kunder f\u00e5r mest muligt udbytte af l\u00f8sningen.<\/p>\n\t\t\t\t\t\t\t\t\t\t\t\t\t<\/div>\n\t\t\t\t\t<\/div><!-- #sponsor -->\n\t\t\t\t\n\t\t\t\t\t<div id=\"wcorg-sponsor-712\" class=\"wcorg-sponsor\">\n\t\t\t\t\t\t\t\t\t\t\t\t\t\t\t\t\t\t\t\t\t<h3>\n\t\t\t\t\t\t\t\t\t902 Software Development Corporation\t\t\t\t\t\t\t\t<\/h3>\n\t\t\t\t\t\t\t\t\t\t\t\t\t\n\t\t\t\t\t\t<div class=\"wcorg-sponsor-description\">\n\t\t\t\t\t\t\t\t\t\t\t\t\t\t\t<img loading=\"lazy\" decoding=\"async\" width=\"8528\" height=\"2351\" src=\"https:\/\/copenhagen.wordcamp.org\/2017\/files\/2017\/05\/1902logo-horizontal-hi-res.png\" class=\"attachment-wcb-sponsor-logo-horizontal-2x size-wcb-sponsor-logo-horizontal-2x wp-post-image\" alt=\"902 Software Development Corporation\" srcset=\"https:\/\/copenhagen.wordcamp.org\/2017\/files\/2017\/05\/1902logo-horizontal-hi-res.png 8528w, https:\/\/copenhagen.wordcamp.org\/2017\/files\/2017\/05\/1902logo-horizontal-hi-res-300x83.png 300w, https:\/\/copenhagen.wordcamp.org\/2017\/files\/2017\/05\/1902logo-horizontal-hi-res-768x212.png 768w, https:\/\/copenhagen.wordcamp.org\/2017\/files\/2017\/05\/1902logo-horizontal-hi-res-1024x282.png 1024w, https:\/\/copenhagen.wordcamp.org\/2017\/files\/2017\/05\/1902logo-horizontal-hi-res-500x138.png 500w\" sizes=\"auto, (max-width: 8528px) 100vw, 8528px\" \/>\t\t\t\t\t\t\t\n\t\t\t\t\t\t\t\t\t\t\t\t\t\t\t<p>1902 Software er et danskejet bureau\/agency\/softwarefirma som blev startet i Manila p\u00e5 Filippinerne af danskeren Peter Skouhus tilbage i 1998. Vi arbejder med WordPress, Magento, Umbraco samt app-udvikling, enten \u201cnatively\u201d eller med crossplatformen Xamarin. Herudover besk\u00e6ftiges 5 fuldtidsdesignere som supporterer udviklingsafdelingen og laver designprojekter. 50 % af oms\u00e6tningen kommer fra Danmark, de resterede 50 % er fordelt p\u00e5 Schweiz, Sverige, Tyskland, Norge, USA og Australien. Vores kunder bruger os ofte til vedligeholdelse af websites og webshops samt til l\u00f8sning de store, tunge udviklingsopgaver. Virksomheder v\u00e6lger prim\u00e6rt at arbejde sammen med os som f\u00f8lge af: &#8211; Vores lave priser &#8211; Vores meget h\u00f8je service-niveau &#8211; Vores st\u00f8rrelse &#8211; hvis en medarbejder er syg eller har fri, s\u00e5 st\u00e5r en anden klar til at hj\u00e6lpe &#8211; Vores alder og fundament &#8211; vi har eksisteret siden 1998 \u00e5r og er \u00f8konomisk meget velfunderet.<\/p>\n\t\t\t\t\t\t\t\t\t\t\t\t\t<\/div>\n\t\t\t\t\t<\/div><!-- #sponsor -->\n\t\t\t\t\t\t\t<\/div><!-- .wcorg-sponsor-level -->\n\t\t\t<\/div><!-- .wcorg-sponsors -->\n\n\t\n<h3>Er du interesseret i at v\u00e6re sponsor for WordCamp Danmark 2017?<\/h3>\n<p>S\u00e5 g\u00e5 til vores <a href=\"https:\/\/2017.copenhagen.wordcamp.org\/sponsors\/bliv-sponsor\/\" rel=\"nofollow\">bliv sponsor<\/a>-side for at se, hvordan du kan bidrage til dette \u00e5rs WordCamp og hj\u00e6lpe det til at blive den bedste nogensinde.<\/p>\n","protected":false},"excerpt":{"rendered":"<p>Vores sponsorer Vi vil gerne takke nedenst\u00e5ende firmaer for at bidrage til det danske WordPress-f\u00e6llesskab. Vi v\u00e6rds\u00e6tter al den st\u00f8tte, vi kan f\u00e5 og det hele g\u00e5r direkte tilbage til f\u00e6llesskabet. Er det noget for dig og dit firma, s\u00e5 g\u00e5 til vores bliv sponsor-side for at se, hvordan du kan bidrage til dette \u00e5rs &hellip; <a href=\"https:\/\/copenhagen.wordcamp.org\/2017\/sponsor\/902-software-development-corporation\/\" class=\"more-link\">Continue reading <span class=\"screen-reader-text\">902 Software Development Corporation<\/span> <span class=\"meta-nav\">&rarr;<\/span><\/a><\/p>\n","protected":false},"author":50198,"featured_media":0,"parent":0,"menu_order":0,"comment_status":"closed","ping_status":"closed","template":"","meta":{"jetpack_post_was_ever_published":false,"footnotes":""},"class_list":["post-84","page","type-page","status-publish","hentry"],"jetpack_sharing_enabled":true,"jetpack_shortlink":"https:\/\/wp.me\/P7PoA5-1m","_links":{"self":[{"href":"https:\/\/copenhagen.wordcamp.org\/2017\/wp-json\/wp\/v2\/pages\/84","targetHints":{"allow":["GET"]}}],"collection":[{"href":"https:\/\/copenhagen.wordcamp.org\/2017\/wp-json\/wp\/v2\/pages"}],"about":[{"href":"https:\/\/copenhagen.wordcamp.org\/2017\/wp-json\/wp\/v2\/types\/page"}],"author":[{"embeddable":true,"href":"https:\/\/copenhagen.wordcamp.org\/2017\/wp-json\/wp\/v2\/users\/50198"}],"replies":[{"embeddable":true,"href":"https:\/\/copenhagen.wordcamp.org\/2017\/wp-json\/wp\/v2\/comments?post=84"}],"version-history":[{"count":4,"href":"https:\/\/copenhagen.wordcamp.org\/2017\/wp-json\/wp\/v2\/pages\/84\/revisions"}],"predecessor-version":[{"id":425,"href":"https:\/\/copenhagen.wordcamp.org\/2017\/wp-json\/wp\/v2\/pages\/84\/revisions\/425"}],"wp:attachment":[{"href":"https:\/\/copenhagen.wordcamp.org\/2017\/wp-json\/wp\/v2\/media?parent=84"}],"curies":[{"name":"wp","href":"https:\/\/api.w.org\/{rel}","templated":true}]}}