{"id":80,"date":"2017-03-25T17:49:51","date_gmt":"2017-03-25T16:49:51","guid":{"rendered":"http:\/\/2017.copenhagen.wordcamp.org\/?page_id=80"},"modified":"2017-05-12T14:05:40","modified_gmt":"2017-05-12T13:05:40","slug":"oplaegsholdere","status":"publish","type":"page","link":"https:\/\/copenhagen.wordcamp.org\/2017\/oplaegsholdere\/","title":{"rendered":"Opl\u00e6gsholdere\/Speakers"},"content":{"rendered":"\n\t<div class=\"wcorg-speakers\">\n\n\t\t\n\t\t\t<!-- Organizers note: The id attribute is deprecated and only remains for backwards compatibility, please use the corresponding class to target individual speakers -->\n\t\t\t<div id=\"wcorg-speaker-torben-heikel-vinther\" class=\"wcorg-speaker wcorg-speaker-torben-heikel-vinther\">\n\t\t\t\t<h2>\n\t\t\t\t\t\n\t\t\t\t\t\tTorben Heikel Vinther\n\t\t\t\t\t\t\t\t\t<\/h2>\n\n\t\t\t\t<div class=\"wcorg-speaker-description\">\n\t\t\t\t\t<img alt='' src='https:\/\/secure.gravatar.com\/avatar\/3edc616fdef299605f97bbcb6fac8c7a15b500e9bfb4eed9acdb75f8fce5d2af?s=100&#038;d=mm&#038;r=g' srcset='https:\/\/secure.gravatar.com\/avatar\/3edc616fdef299605f97bbcb6fac8c7a15b500e9bfb4eed9acdb75f8fce5d2af?s=200&#038;d=mm&#038;r=g 2x' class='avatar avatar-100 photo' height='100' width='100' \/>\t\t\t\t\t<p>Jeg er selvst\u00e6ndig WordPress-konsulent i mit firma Webfronten. Jeg udvikler WordPress-l\u00f8sninger for sm\u00e5 og mellemstore virksomheder og tilbyder serviceaftaler med l\u00f8bende vedligeholdelse og optimering af WordPress-sites.<\/p>\n\t\t\t\t<\/div>\n\t\t\t<\/div>\n\n\t\t\n\t\t\t<!-- Organizers note: The id attribute is deprecated and only remains for backwards compatibility, please use the corresponding class to target individual speakers -->\n\t\t\t<div id=\"wcorg-speaker-jenny-wong\" class=\"wcorg-speaker wcorg-speaker-jenny-wong\">\n\t\t\t\t<h2>\n\t\t\t\t\t\n\t\t\t\t\t\tJenny Wong\n\t\t\t\t\t\t\t\t\t<\/h2>\n\n\t\t\t\t<div class=\"wcorg-speaker-description\">\n\t\t\t\t\t<img alt='' src='https:\/\/secure.gravatar.com\/avatar\/?s=100&#038;d=mm&#038;r=g' srcset='https:\/\/secure.gravatar.com\/avatar\/?s=200&#038;d=mm&#038;r=g 2x' class='avatar avatar-100 photo avatar-default' height='100' width='100' \/>\t\t\t\t\t<p>Community junkie. Half web developer, half community cheerleader. Human.<\/p>\n<p>She\u2019s a self-proclaimed community junkie, and it shows, seeing all the WordCamps she has attended and she\u2019ll be happy to guide through the ways of giving back to the diverse community the WordPress community is. Have I mentioned community enough?<\/p>\n\t\t\t\t<\/div>\n\t\t\t<\/div>\n\n\t\t\n\t\t\t<!-- Organizers note: The id attribute is deprecated and only remains for backwards compatibility, please use the corresponding class to target individual speakers -->\n\t\t\t<div id=\"wcorg-speaker-mark-thomas-gazel\" class=\"wcorg-speaker wcorg-speaker-mark-thomas-gazel\">\n\t\t\t\t<h2>\n\t\t\t\t\t\n\t\t\t\t\t\tMark Thomas Gazel\n\t\t\t\t\t\t\t\t\t<\/h2>\n\n\t\t\t\t<div class=\"wcorg-speaker-description\">\n\t\t\t\t\t<img alt='' src='https:\/\/secure.gravatar.com\/avatar\/8b1bac5eddb33f992a4c7ecbd406220b58ec4c986118334efd40cbd5d6cd790b?s=100&#038;d=mm&#038;r=g' srcset='https:\/\/secure.gravatar.com\/avatar\/8b1bac5eddb33f992a4c7ecbd406220b58ec4c986118334efd40cbd5d6cd790b?s=200&#038;d=mm&#038;r=g 2x' class='avatar avatar-100 photo' height='100' width='100' \/>\t\t\t\t\t<p class=\"p1\">Tovholder for WordPress Danmark<\/p>\n<p class=\"p1\"><span class=\"s1\">Jeg arbejder til dagligt i Vesterbro Bibliotek og Kulturhus i K\u00f8benhavn. Har brugt WordPress siden version 1.5.2, hvilket svarer til efter\u00e5ret 2005. Har v\u00e6ret koordinator og tovholder for WordPress Danmark siden maj 2010. Har v\u00e6ret aktiv overs\u00e6tter af WordPress siden 2010. Har siden 2015 har firmaet Gazel Kommunikation, der hj\u00e6lper kunder med at blive mere synlige p\u00e5 internettet. De g\u00f8r de som udgangspunkt ved at have en WordPress-side. S\u00e5 bygger vi videre derfra.<br \/>\n<\/span><\/p>\n\t\t\t\t<\/div>\n\t\t\t<\/div>\n\n\t\t\n\t\t\t<!-- Organizers note: The id attribute is deprecated and only remains for backwards compatibility, please use the corresponding class to target individual speakers -->\n\t\t\t<div id=\"wcorg-speaker-joen-olsen\" class=\"wcorg-speaker wcorg-speaker-joen-olsen\">\n\t\t\t\t<h2>\n\t\t\t\t\t\n\t\t\t\t\t\tJoen Olsen\n\t\t\t\t\t\t\t\t\t<\/h2>\n\n\t\t\t\t<div class=\"wcorg-speaker-description\">\n\t\t\t\t\t<img alt='' src='https:\/\/secure.gravatar.com\/avatar\/?s=100&#038;d=mm&#038;r=g' srcset='https:\/\/secure.gravatar.com\/avatar\/?s=200&#038;d=mm&#038;r=g 2x' class='avatar avatar-100 photo avatar-default' height='100' width='100' \/>\t\t\t\t\t\t\t\t\t<\/div>\n\t\t\t<\/div>\n\n\t\t\n\t\t\t<!-- Organizers note: The id attribute is deprecated and only remains for backwards compatibility, please use the corresponding class to target individual speakers -->\n\t\t\t<div id=\"wcorg-speaker-yan-knutskov-nielsen\" class=\"wcorg-speaker wcorg-speaker-yan-knutskov-nielsen\">\n\t\t\t\t<h2>\n\t\t\t\t\t\n\t\t\t\t\t\tYan Knutskov Nielsen\n\t\t\t\t\t\t\t\t\t<\/h2>\n\n\t\t\t\t<div class=\"wcorg-speaker-description\">\n\t\t\t\t\t<img alt='' src='https:\/\/secure.gravatar.com\/avatar\/?s=100&#038;d=mm&#038;r=g' srcset='https:\/\/secure.gravatar.com\/avatar\/?s=200&#038;d=mm&#038;r=g 2x' class='avatar avatar-100 photo avatar-default' height='100' width='100' \/>\t\t\t\t\t\t\t\t\t<\/div>\n\t\t\t<\/div>\n\n\t\t\n\t\t\t<!-- Organizers note: The id attribute is deprecated and only remains for backwards compatibility, please use the corresponding class to target individual speakers -->\n\t\t\t<div id=\"wcorg-speaker-patrick-hesselberg\" class=\"wcorg-speaker wcorg-speaker-patrick-hesselberg\">\n\t\t\t\t<h2>\n\t\t\t\t\t\n\t\t\t\t\t\tPatrick Hesselberg\n\t\t\t\t\t\t\t\t\t<\/h2>\n\n\t\t\t\t<div class=\"wcorg-speaker-description\">\n\t\t\t\t\t<img alt='' src='https:\/\/secure.gravatar.com\/avatar\/6bbf6733c209208ceba31d55df0293748c7b5f0db106a0c0e7adff0aeccbfbb1?s=100&#038;d=mm&#038;r=g' srcset='https:\/\/secure.gravatar.com\/avatar\/6bbf6733c209208ceba31d55df0293748c7b5f0db106a0c0e7adff0aeccbfbb1?s=200&#038;d=mm&#038;r=g 2x' class='avatar avatar-100 photo' height='100' width='100' \/>\t\t\t\t\t<p>To be announced<\/p>\n\t\t\t\t<\/div>\n\t\t\t<\/div>\n\n\t\t\n\t\t\t<!-- Organizers note: The id attribute is deprecated and only remains for backwards compatibility, please use the corresponding class to target individual speakers -->\n\t\t\t<div id=\"wcorg-speaker-rocio\" class=\"wcorg-speaker wcorg-speaker-rocio\">\n\t\t\t\t<h2>\n\t\t\t\t\t\n\t\t\t\t\t\tRoc\u00edo\n\t\t\t\t\t\t\t\t\t<\/h2>\n\n\t\t\t\t<div class=\"wcorg-speaker-description\">\n\t\t\t\t\t<img alt='' src='https:\/\/secure.gravatar.com\/avatar\/17e3cbd63c4ddcf873d1848277de062a48239d962359ecaf1978e966429f5b6f?s=100&#038;d=mm&#038;r=g' srcset='https:\/\/secure.gravatar.com\/avatar\/17e3cbd63c4ddcf873d1848277de062a48239d962359ecaf1978e966429f5b6f?s=200&#038;d=mm&#038;r=g 2x' class='avatar avatar-100 photo' height='100' width='100' \/>\t\t\t\t\t<p>I work at Automattic as a Community Wrangler at WordCamp Central. Along with the rest of the team, I\u2019m co-organizer of WordCamp Europe 2015, 2016 and 2017, co-founder of the WordPress Sevilla Meetup group and three WordCamps Sevilla. WordPress developer, validator of the Spanish translation team at GlotPress and moderator of the Spanish WordPress.org forums. Co-author of the book \u201cWordPress para Dummies\u201d (November 2012).<\/p>\n\t\t\t\t<\/div>\n\t\t\t<\/div>\n\n\t\t\n\t\t\t<!-- Organizers note: The id attribute is deprecated and only remains for backwards compatibility, please use the corresponding class to target individual speakers -->\n\t\t\t<div id=\"wcorg-speaker-peter-suhm\" class=\"wcorg-speaker wcorg-speaker-peter-suhm\">\n\t\t\t\t<h2>\n\t\t\t\t\t\n\t\t\t\t\t\tPeter Suhm\n\t\t\t\t\t\t\t\t\t<\/h2>\n\n\t\t\t\t<div class=\"wcorg-speaker-description\">\n\t\t\t\t\t<img alt='' src='https:\/\/secure.gravatar.com\/avatar\/f76938dc82d4f1cd0ab2effe6df5cdc3d467d959837f858f8abeca2fc4f23a68?s=100&#038;d=mm&#038;r=g' srcset='https:\/\/secure.gravatar.com\/avatar\/f76938dc82d4f1cd0ab2effe6df5cdc3d467d959837f858f8abeca2fc4f23a68?s=200&#038;d=mm&#038;r=g 2x' class='avatar avatar-100 photo' height='100' width='100' \/>\t\t\t\t\t<p>Founder af WP Pusher, et deployment v\u00e6rkt\u00f8j for Git og WordPress. Elsker PHP og WordPress og har bygget ting med WordPress siden 2007, p\u00e5 trods af at jeg har v\u00e6ret \u201crundt om blokken\u201d i PHP verdenen.<\/p>\n<p>Aktivt medlem af det danske Laravel community og arrang\u00f8r af CPH Laravel meetup. Passioneret g\u00e6steblogger p\u00e5 blogs s\u00e5som WP Tavern og Tuts+, hvor jeg blandt andet har skrevet om workflow med Git, Composer, WordPress or Laravel.<\/p>\n<p>Elsker at rejse og har i de sidste par \u00e5r tilbragt mere tid udenfor landets gr\u00e6nser end indenfor. Jeg har boet I lande som Marokko og Thailand, men har ogs\u00e5 v\u00e6ret heldig at bes\u00f8ge mere off-the-beaten-track destinationer, s\u00e5som Vestsahara og Sri Lanka.<\/p>\n\t\t\t\t<\/div>\n\t\t\t<\/div>\n\n\t\t\n\t\t\t<!-- Organizers note: The id attribute is deprecated and only remains for backwards compatibility, please use the corresponding class to target individual speakers -->\n\t\t\t<div id=\"wcorg-speaker-thomas-hurd\" class=\"wcorg-speaker wcorg-speaker-thomas-hurd\">\n\t\t\t\t<h2>\n\t\t\t\t\t\n\t\t\t\t\t\tThomas Hurd\n\t\t\t\t\t\t\t\t\t<\/h2>\n\n\t\t\t\t<div class=\"wcorg-speaker-description\">\n\t\t\t\t\t<img alt='' src='https:\/\/secure.gravatar.com\/avatar\/29f045913d33d98ed8dbbca34390d584de98d016903aa538d4e16e6992685683?s=100&#038;d=mm&#038;r=g' srcset='https:\/\/secure.gravatar.com\/avatar\/29f045913d33d98ed8dbbca34390d584de98d016903aa538d4e16e6992685683?s=200&#038;d=mm&#038;r=g 2x' class='avatar avatar-100 photo' height='100' width='100' \/>\t\t\t\t\t<p>A transplant from New Zealand, via a few countries along the way, Thomas came to Helsinki for love \u2013 of design. He has translated his background in product, system and service design into developing integrated digital experiences with the team at Pixels. As a creative and CEO, Thomas works with a team that creates considered user experiences, beautiful design and powerful technical implementations.<\/p>\n\t\t\t\t<\/div>\n\t\t\t<\/div>\n\n\t\t\n\t\t\t<!-- Organizers note: The id attribute is deprecated and only remains for backwards compatibility, please use the corresponding class to target individual speakers -->\n\t\t\t<div id=\"wcorg-speaker-nicolai-elberling\" class=\"wcorg-speaker wcorg-speaker-nicolai-elberling\">\n\t\t\t\t<h2>\n\t\t\t\t\t\n\t\t\t\t\t\tNicolai Elberling\n\t\t\t\t\t\t\t\t\t<\/h2>\n\n\t\t\t\t<div class=\"wcorg-speaker-description\">\n\t\t\t\t\t<img alt='' src='https:\/\/secure.gravatar.com\/avatar\/cccad223dc59d68eeddaed9a6f44b2482d4f9a833b14dbb557e53494d63a8365?s=100&#038;d=mm&#038;r=g' srcset='https:\/\/secure.gravatar.com\/avatar\/cccad223dc59d68eeddaed9a6f44b2482d4f9a833b14dbb557e53494d63a8365?s=200&#038;d=mm&#038;r=g 2x' class='avatar avatar-100 photo' height='100' width='100' \/>\t\t\t\t\t<p>Nicolai is helping companies within the areas of Governance, Compliance and Risk management. He has a long experience with the financial industry, and is a bit of an expert on how to best establish the right level of control, discipline and accountability within the company. He is both efficient, practical and have the ability to explain his stuff on without the mystery and technical jargon.<\/p>\n\t\t\t\t<\/div>\n\t\t\t<\/div>\n\n\t\t\n\t\t\t<!-- Organizers note: The id attribute is deprecated and only remains for backwards compatibility, please use the corresponding class to target individual speakers -->\n\t\t\t<div id=\"wcorg-speaker-otto-kekalainen\" class=\"wcorg-speaker wcorg-speaker-otto-kekalainen\">\n\t\t\t\t<h2>\n\t\t\t\t\t\n\t\t\t\t\t\tOtto Kek\u00e4l\u00e4inen\n\t\t\t\t\t\t\t\t\t<\/h2>\n\n\t\t\t\t<div class=\"wcorg-speaker-description\">\n\t\t\t\t\t<img alt='' src='https:\/\/secure.gravatar.com\/avatar\/fb4104fbd4c7a50eb55a81a1ffb7d544bddaaf8b3d2a1a56f2aa0348c6a66a34?s=100&#038;d=mm&#038;r=g' srcset='https:\/\/secure.gravatar.com\/avatar\/fb4104fbd4c7a50eb55a81a1ffb7d544bddaaf8b3d2a1a56f2aa0348c6a66a34?s=200&#038;d=mm&#038;r=g 2x' class='avatar avatar-100 photo' height='100' width='100' \/>\t\t\t\t\t<p>Otto Kek\u00e4l\u00e4inen is the CEO of Seravo Oy, CEO of the MariaDB Foundation and the chairman of the FUUG Foundation. Otto has been using Linux and other open source technologies for over 15 years, and has been advocating open source for almost as long. Otto\u2019s first blog in 2004 was made with WordPress, and since the inception of WP-palvelu.fi Otto has been deeply involved with WordPress. As a software developer Otto has insight into the technical side of open source, and as a CEO and entrepreneur he also knows how to use open source in business successfully. Otto likes to share his experiences on how to use open source to its full potential and how the world can keep increasing the benefits of open source software and its methodologies.<\/p>\n\t\t\t\t<\/div>\n\t\t\t<\/div>\n\n\t\t\n\t\t\t<!-- Organizers note: The id attribute is deprecated and only remains for backwards compatibility, please use the corresponding class to target individual speakers -->\n\t\t\t<div id=\"wcorg-speaker-erik-bernskiold\" class=\"wcorg-speaker wcorg-speaker-erik-bernskiold\">\n\t\t\t\t<h2>\n\t\t\t\t\t\n\t\t\t\t\t\tErik Bernskiold\n\t\t\t\t\t\t\t\t\t<\/h2>\n\n\t\t\t\t<div class=\"wcorg-speaker-description\">\n\t\t\t\t\t<img alt='' src='https:\/\/secure.gravatar.com\/avatar\/a7cda2cc2ea0a08511c049996e87f0b5302f399ab268a855c877849512925dfc?s=100&#038;d=mm&#038;r=g' srcset='https:\/\/secure.gravatar.com\/avatar\/a7cda2cc2ea0a08511c049996e87f0b5302f399ab268a855c877849512925dfc?s=200&#038;d=mm&#038;r=g 2x' class='avatar avatar-100 photo' height='100' width='100' \/>\t\t\t\t\t<p>Erik is a Digital Strategist, Businessman, Economist &amp; Speaker, combining the field of business with digital marketing. He is the Managing Director and founder of full-service boutique digital agency Bernskiold Media who works with businesses around the world to help them fully use and succeed with digital tools. Erik also travels the world as appreciated speaker at conferences.<\/p>\n\t\t\t\t<\/div>\n\t\t\t<\/div>\n\n\t\t\n\t\t\t<!-- Organizers note: The id attribute is deprecated and only remains for backwards compatibility, please use the corresponding class to target individual speakers -->\n\t\t\t<div id=\"wcorg-speaker-carsten-legaard\" class=\"wcorg-speaker wcorg-speaker-carsten-legaard\">\n\t\t\t\t<h2>\n\t\t\t\t\t\n\t\t\t\t\t\tCarsten Legaard\n\t\t\t\t\t\t\t\t\t<\/h2>\n\n\t\t\t\t<div class=\"wcorg-speaker-description\">\n\t\t\t\t\t<img alt='' src='https:\/\/secure.gravatar.com\/avatar\/ffe187b614ed1efbc672c52361b3553e16f3343ae3b3624dbe9eb9c5f9a3e32e?s=100&#038;d=mm&#038;r=g' srcset='https:\/\/secure.gravatar.com\/avatar\/ffe187b614ed1efbc672c52361b3553e16f3343ae3b3624dbe9eb9c5f9a3e32e?s=200&#038;d=mm&#038;r=g 2x' class='avatar avatar-100 photo' height='100' width='100' \/>\t\t\t\t\t<p>F\u00f8dt 1952, journalist og fotograf. P\u00e5 WordPress-platformen siden 2009, selvst\u00e6ndig forretning med WordPress webdesign, SEO og support siden 2013.<\/p>\n\t\t\t\t<\/div>\n\t\t\t<\/div>\n\n\t\t\n\t\t\t<!-- Organizers note: The id attribute is deprecated and only remains for backwards compatibility, please use the corresponding class to target individual speakers -->\n\t\t\t<div id=\"wcorg-speaker-emil-wibe\" class=\"wcorg-speaker wcorg-speaker-emil-wibe\">\n\t\t\t\t<h2>\n\t\t\t\t\t\n\t\t\t\t\t\tEmil Wibe\n\t\t\t\t\t\t\t\t\t<\/h2>\n\n\t\t\t\t<div class=\"wcorg-speaker-description\">\n\t\t\t\t\t<img alt='' src='https:\/\/secure.gravatar.com\/avatar\/d793a75b30d8e9818d358163c22bd18b83a370a76ede5e0f535047a416511eea?s=100&#038;d=mm&#038;r=g' srcset='https:\/\/secure.gravatar.com\/avatar\/d793a75b30d8e9818d358163c22bd18b83a370a76ede5e0f535047a416511eea?s=200&#038;d=mm&#038;r=g 2x' class='avatar avatar-100 photo' height='100' width='100' \/>\t\t\t\t\t<p>Jeg er freelance webudvikler- og designer og har lavet websites i mere end ti \u00e5r. De sidste fem \u00e5r har jeg lavet websites i WordPress, hvor jeg de seneste to \u00e5r selv har udviklet temaer. Se nogle af dem her: http:\/\/emilwibe.dk<\/p>\n\t\t\t\t<\/div>\n\t\t\t<\/div>\n\n\t\t\n\t\t\t<!-- Organizers note: The id attribute is deprecated and only remains for backwards compatibility, please use the corresponding class to target individual speakers -->\n\t\t\t<div id=\"wcorg-speaker-ragini-louise-kastberg\" class=\"wcorg-speaker wcorg-speaker-ragini-louise-kastberg\">\n\t\t\t\t<h2>\n\t\t\t\t\t\n\t\t\t\t\t\tRagini Louise Kastberg\n\t\t\t\t\t\t\t\t\t<\/h2>\n\n\t\t\t\t<div class=\"wcorg-speaker-description\">\n\t\t\t\t\t<img alt='' src='https:\/\/secure.gravatar.com\/avatar\/b762f884ebb2e7a10bb87db61d60fd3cb7817711ffa28cb759d3c71b91ff0bae?s=100&#038;d=mm&#038;r=g' srcset='https:\/\/secure.gravatar.com\/avatar\/b762f884ebb2e7a10bb87db61d60fd3cb7817711ffa28cb759d3c71b91ff0bae?s=200&#038;d=mm&#038;r=g 2x' class='avatar avatar-100 photo' height='100' width='100' \/>\t\t\t\t\t<p>Mit navn er Ragini Kastberg, indehaver af http:\/\/webklar.dk\/ Jeg har v\u00e6ret i gang som selvst\u00e6ndig med min bibesk\u00e6ftigelse siden januar 2016. Min inspiration kommer fra bl.a. andre menneskers viden, erfaring og ideer samt min nysgerrighed for at l\u00e6re nyt og m\u00f8de nye. Jeg h\u00e5ber, at mine erfaringer kan gavne andre, hvorfor jeg gerne vil dele ud og give noget tilbage til WP-milj\u00f8et, som har givet mig s\u00e5 meget.<\/p>\n\t\t\t\t<\/div>\n\t\t\t<\/div>\n\n\t\t\n\t<\/div>\n\n\t\n","protected":false},"excerpt":{"rendered":"","protected":false},"author":50198,"featured_media":0,"parent":0,"menu_order":0,"comment_status":"closed","ping_status":"closed","template":"","meta":{"_crdt_document":"","jetpack_post_was_ever_published":false,"footnotes":""},"class_list":["post-80","page","type-page","status-publish","hentry"],"jetpack_sharing_enabled":true,"jetpack_shortlink":"https:\/\/wp.me\/P7PoA5-1i","_links":{"self":[{"href":"https:\/\/copenhagen.wordcamp.org\/2017\/wp-json\/wp\/v2\/pages\/80","targetHints":{"allow":["GET"]}}],"collection":[{"href":"https:\/\/copenhagen.wordcamp.org\/2017\/wp-json\/wp\/v2\/pages"}],"about":[{"href":"https:\/\/copenhagen.wordcamp.org\/2017\/wp-json\/wp\/v2\/types\/page"}],"author":[{"embeddable":true,"href":"https:\/\/copenhagen.wordcamp.org\/2017\/wp-json\/wp\/v2\/users\/50198"}],"replies":[{"embeddable":true,"href":"https:\/\/copenhagen.wordcamp.org\/2017\/wp-json\/wp\/v2\/comments?post=80"}],"version-history":[{"count":2,"href":"https:\/\/copenhagen.wordcamp.org\/2017\/wp-json\/wp\/v2\/pages\/80\/revisions"}],"predecessor-version":[{"id":421,"href":"https:\/\/copenhagen.wordcamp.org\/2017\/wp-json\/wp\/v2\/pages\/80\/revisions\/421"}],"wp:attachment":[{"href":"https:\/\/copenhagen.wordcamp.org\/2017\/wp-json\/wp\/v2\/media?parent=80"}],"curies":[{"name":"wp","href":"https:\/\/api.w.org\/{rel}","templated":true}]}}