{"id":76,"date":"2017-03-25T17:48:21","date_gmt":"2017-03-25T16:48:21","guid":{"rendered":"http:\/\/2017.copenhagen.wordcamp.org\/?page_id=76"},"modified":"2017-05-26T21:35:49","modified_gmt":"2017-05-26T20:35:49","slug":"billetter","status":"publish","type":"page","link":"https:\/\/copenhagen.wordcamp.org\/2017\/billetter\/","title":{"rendered":"Billetter\/Tickets"},"content":{"rendered":"<p><a href=\"http:\/\/2017.copenhagen.wordcamp.org\/billetter#en\">English version below<\/a><br \/>\n<a href=\"http:\/\/2017.copenhagen.wordcamp.org\/billetter#form\">Formular i bunden p\u00e5 siden\/Form at the buttom of the page<\/a><\/p>\n<p>OBS! Du betaler via PayPal, men bare rolig, du beh\u00f8ver ikke have en PayPal-konto. Der er en mulighed for at betale med almindeligt kreditkort, hvis du ruller ned i bunden p\u00e5 betalingssiden.<\/p>\n<p>V\u00e6r opm\u00e6rksom p\u00e5 at din billet kan gemme sig i dit spamfilter eller under fanen &#8220;Promoveringer\/Promotions&#8221; i Gmail.<\/p>\n<p>WordCamp er en to-dages konference om alt, der har med WordPress at g\u00f8re. Der vil v\u00e6re en r\u00e6kke opl\u00e6g over begge dage, samt rige muligheder for at &#8220;networke&#8221;.<\/p>\n<p>WordCamp er et socialt arrangement, organiseret af frivillige WordPress-brugere. Alle \u2013 fra helt almindelig WordPress-brugere til garvede udviklere \u2013 kan v\u00e6re med til at udveksle viden, tips og id\u00e9er.<\/p>\n<p>Billetten giver adgang til begge dage, samt forplejning.<\/p>\n<p>Billetter bliver kun refunderet til og med starten p\u00e5 WordCamp K\u00f8penhavn, hvilket er 27. maj kl. 10.00.<\/p>\n<hr \/>\n<h3 id=\"en\">English Version<\/h3>\n<p>WordCamp is a two-day event about everything to do with WordPress. There will be a series of presentations over both days, as well as plenty of opportunities to &#8220;network&#8221;.<\/p>\n<p>WordCamp is a social event organized by volunteers in the WordPress Community. Everyone &#8211; from every day WordPress users to advanced developers &#8211; can help share knowledge, tips and ideas.<\/p>\n<p>The ticket gives access to both days as well as catering.<\/p>\n<p>Tickets will only be refunded until the start of WordCamp Copenhagen, which is May 27th. 10:00.<\/p>\n<p><strong>PLEASE NOTE<\/strong><br \/>\nYou pay via PayPal. But don&#8217;t worry, you don&#8217;t need a PayPal account. There is an option to pay by regular credit card if you scroll down the bottom of the payment page. <\/p>\n<p>Please be aware that your ticket may end up in your spam filter or in the &#8220;Promos \/ Promotions&#8221; tab in Gmail.<\/p>\n<h3 id=\"form\">Billetk\u00f8b starter her<\/h3>\n<a href=\"https:\/\/copenhagen.wordcamp.org\/2017\/billetter\/\">Please view this page in a browser to purchase or manage tickets.<\/a>\n","protected":false},"excerpt":{"rendered":"<p>English version below Formular i bunden p\u00e5 siden\/Form at the buttom of the page OBS! Du betaler via PayPal, men bare rolig, du beh\u00f8ver ikke have en PayPal-konto. Der er en mulighed for at betale med almindeligt kreditkort, hvis du ruller ned i bunden p\u00e5 betalingssiden. V\u00e6r opm\u00e6rksom p\u00e5 at din billet kan gemme sig &hellip; <a href=\"https:\/\/copenhagen.wordcamp.org\/2017\/billetter\/\" class=\"more-link\">Continue reading <span class=\"screen-reader-text\">Billetter\/Tickets<\/span> <span class=\"meta-nav\">&rarr;<\/span><\/a><\/p>\n","protected":false},"author":50198,"featured_media":0,"parent":0,"menu_order":0,"comment_status":"closed","ping_status":"closed","template":"","meta":{"jetpack_post_was_ever_published":false,"footnotes":""},"class_list":["post-76","page","type-page","status-publish","hentry"],"jetpack_sharing_enabled":true,"jetpack_shortlink":"https:\/\/wp.me\/P7PoA5-1e","_links":{"self":[{"href":"https:\/\/copenhagen.wordcamp.org\/2017\/wp-json\/wp\/v2\/pages\/76","targetHints":{"allow":["GET"]}}],"collection":[{"href":"https:\/\/copenhagen.wordcamp.org\/2017\/wp-json\/wp\/v2\/pages"}],"about":[{"href":"https:\/\/copenhagen.wordcamp.org\/2017\/wp-json\/wp\/v2\/types\/page"}],"author":[{"embeddable":true,"href":"https:\/\/copenhagen.wordcamp.org\/2017\/wp-json\/wp\/v2\/users\/50198"}],"replies":[{"embeddable":true,"href":"https:\/\/copenhagen.wordcamp.org\/2017\/wp-json\/wp\/v2\/comments?post=76"}],"version-history":[{"count":12,"href":"https:\/\/copenhagen.wordcamp.org\/2017\/wp-json\/wp\/v2\/pages\/76\/revisions"}],"predecessor-version":[{"id":525,"href":"https:\/\/copenhagen.wordcamp.org\/2017\/wp-json\/wp\/v2\/pages\/76\/revisions\/525"}],"wp:attachment":[{"href":"https:\/\/copenhagen.wordcamp.org\/2017\/wp-json\/wp\/v2\/media?parent=76"}],"curies":[{"name":"wp","href":"https:\/\/api.w.org\/{rel}","templated":true}]}}