{"id":131,"date":"2017-04-14T11:29:24","date_gmt":"2017-04-14T10:29:24","guid":{"rendered":"http:\/\/2017.copenhagen.wordcamp.org\/?page_id=131"},"modified":"2017-05-12T14:04:01","modified_gmt":"2017-05-12T13:04:01","slug":"oplaeg","status":"publish","type":"page","link":"https:\/\/copenhagen.wordcamp.org\/2017\/oplaeg\/","title":{"rendered":"Opl\u00e6g\/Presentation"},"content":{"rendered":"\n\t<div class=\"wcorg-sessions\">\n\t\t\n\t\t\t<div id=\"wcorg-session-721\" class=\"wcorg-session\" >\n\t\t\t\t<h2>\n\t\t\t\t\tWorkshop &#8211; WP CLI\t\t\t\t<\/h2>\n\n\t\t\t\t<div class=\"wcorg-session-description\">\n\t\t\t\t\t\t\t\t\t\t\t\t\t\t\t\t\t\t\t\t<p>En hands on indf\u00f8ring i hvordan WP CLI kan bruges ved udvikling i WordPress.<\/p>\n\n\t\t\t\t\t\t\t\t\t<\/div>\n\t\t\t<\/div>\n\n\t\t\n\t\t\t<div id=\"wcorg-session-586\" class=\"wcorg-session\" >\n\t\t\t\t<h2>\n\t\t\t\t\tAfterparty p\u00e5 Caf\u00e9 Langebro\t\t\t\t<\/h2>\n\n\t\t\t\t<div class=\"wcorg-session-description\">\n\t\t\t\t\t\t\t\t\t\t\t\t\t\t\t\t\t\t\t\t<p>Dem der orker tager p\u00e5 Caf\u00e9 Langebro. Det er blevet en slags tradition.<\/p>\n<p>\u00d8llerne er billige, stemningen er god og det ligger i g\u00e5afstand (s\u00e5dan da) til fra Aalborg Universitet.<\/p>\n\n\t\t\t\t\t\t\t\t\t<\/div>\n\t\t\t<\/div>\n\n\t\t\n\t\t\t<div id=\"wcorg-session-575\" class=\"wcorg-session\" >\n\t\t\t\t<h2>\n\t\t\t\t\tContributing to WordPress\t\t\t\t<\/h2>\n\n\t\t\t\t<div class=\"wcorg-session-description\">\n\t\t\t\t\t\t\t\t\t\t\t\t\t\t\t\t\t\t\t\t\n\t\t\t\t\t\t\t\t\t<\/div>\n\t\t\t<\/div>\n\n\t\t\n\t\t\t<div id=\"wcorg-session-571\" class=\"wcorg-session\" >\n\t\t\t\t<h2>\n\t\t\t\t\tWorkshop &#8211; WP CLI\t\t\t\t<\/h2>\n\n\t\t\t\t<div class=\"wcorg-session-description\">\n\t\t\t\t\t\t\t\t\t\t\t\t\t\t\t\t\t\t\t\t\n\t\t\t\t\t\t\t\t\t<\/div>\n\t\t\t<\/div>\n\n\t\t\n\t\t\t<div id=\"wcorg-session-561\" class=\"wcorg-session\" >\n\t\t\t\t<h2>\n\t\t\t\t\tWorkshop &#8211; Polyglots\t\t\t\t<\/h2>\n\n\t\t\t\t<div class=\"wcorg-session-description\">\n\t\t\t\t\t\t\t\t\t\t\t\t\t\t\t\t\t\t\t\t<p>WordPress har en ambition om at v\u00e6re tilg\u00e6ngelig p\u00e5 s\u00e5 mange sprogr som muligt. Og om at f\u00e5 oversat WordPress, samt teamer og plugins til disse sprog. Derfor har udviklerne lavet v\u00e6rkt\u00f8jet GlotPress, hvor overs\u00e6ttelserne kan foreg\u00e5 centralt og online.<\/p>\n<p>Overs\u00e6ttelsen er et stort arbejde, som kr\u00e6ver mange frivillige timer.<\/p>\n<p>Denne workshop vil handle om:<\/p>\n<p>* Hvor og hvordan du overs\u00e6tter<br \/>\n* Hvordan kan vi koordinere det i Danmark?<br \/>\n* Kan vi finde nogle f\u00e6lles platforme (Slack, bbPress eller lign.)<\/p>\n<p>Det er min erfaring at mange vil bidrage, men ikke ved, hvor de skal g\u00e5 hen. Det skulle denne workshop gerne r\u00e5de bod p\u00e5.<\/p>\n\n\t\t\t\t\t\t\t\t\t<\/div>\n\t\t\t<\/div>\n\n\t\t\n\t\t\t<div id=\"wcorg-session-556\" class=\"wcorg-session\" >\n\t\t\t\t<h2>\n\t\t\t\t\tMin hverdag som \u00e9nmands-WP-h\u00e6r\t\t\t\t<\/h2>\n\n\t\t\t\t<div class=\"wcorg-session-description\">\n\t\t\t\t\t\t\t\t\t\t\t\t\t\t\t\t\t\t\t\t\n\t\t\t\t\t\t\t\t\t<\/div>\n\t\t\t<\/div>\n\n\t\t\n\t\t\t<div id=\"wcorg-session-529\" class=\"wcorg-session\" >\n\t\t\t\t<h2>\n\t\t\t\t\tBag kulisserne hos Automattic\t\t\t\t<\/h2>\n\n\t\t\t\t<div class=\"wcorg-session-description\">\n\t\t\t\t\t\t\t\t\t\t\t\t\t\t\t\t\t\t\t\t<p>Joen Olsen arbejder til dagligt hos Automattic, som er firmaet bag WordPress og som driver en masser services p\u00e5 nettet, hvor den st\u00f8rste er wordpress.com med mange millioner af blogs.<\/p>\n<p>Joen har endnu ikke besluttet, hvad han vil fort\u00e6lle om.<\/p>\n\n\t\t\t\t\t\t\t\t\t<\/div>\n\t\t\t<\/div>\n\n\t\t\n\t\t\t<div id=\"wcorg-session-280\" class=\"wcorg-session\" >\n\t\t\t\t<h2>\n\t\t\t\t\tHow to build a social network in WordPress from scratch with BuddyPress | EN\t\t\t\t<\/h2>\n\n\t\t\t\t<div class=\"wcorg-session-description\">\n\t\t\t\t\t\t\t\t\t\t\t\t\t\t\t\t\t\t\t\t<p>If you install BuddyPress and activate it in your site, your website automatically becomes a social network with many features by default, such as Wall, Groups, Private messaging between users, etc.<\/p>\n<p>But BuddyPress has evolved and has taken a leap forward. The latest versions of BuddyPress brings many improvements and new features that makes BuddyPress a powerful tool for many types of projects, increasing their chances.<\/p>\n<p>In this talk, I&#8217;ll install BuddyPress in a WP site from scratch and I&#8217;ll give an overview of all the components of this plugin and the most striking enlargements and useful improvements that have been made. Because the more you know BuddyPress and its possibilities, the easier it is to fall in love with this free software tool.<\/p>\n\n\t\t\t\t\t\t\t\t\t<\/div>\n\t\t\t<\/div>\n\n\t\t\n\t\t\t<div id=\"wcorg-session-276\" class=\"wcorg-session\" >\n\t\t\t\t<h2>\n\t\t\t\t\tWordPress development with Docker | EN\t\t\t\t<\/h2>\n\n\t\t\t\t<div class=\"wcorg-session-description\">\n\t\t\t\t\t\t\t\t\t\t\t\t\t\t\t\t\t\t\t\t<p>In this presentation I will show how Docker can be used to setup a super simple and flexible development environment for WordPress. With Docker we can share our environments across a team, so everyone can have the exact same setup &#8211; and have it set up on their machine in a few minutes. If we are brave enough, we can even deploy our websites to production within their Docker containers, so we have the exact same setup during development and in production.<\/p>\n<p>I will begin with a really basic intro to Docker, so everyone can follow along and then move on to show how a basic setup looks using Docker Compose.<\/p>\n<p>The goal of the presentation is that everyone can install and set up Docker for themselves afterwards.<\/p>\n\n\t\t\t\t\t\t\t\t\t<\/div>\n\t\t\t<\/div>\n\n\t\t\n\t\t\t<div id=\"wcorg-session-272\" class=\"wcorg-session\" >\n\t\t\t\t<h2>\n\t\t\t\t\t&#8220;Briefly in English&#8221; \u2013 The user experience perspective of multilingual and multi-regional websites | EN\t\t\t\t<\/h2>\n\n\t\t\t\t<div class=\"wcorg-session-description\">\n\t\t\t\t\t\t\t\t\t\t\t\t\t\t\t\t\t\t\t\t<p>In Europe website developers often need to create multilingual websites. But what about multi-regional websites and what about the end user\u2019s experience?<\/p>\n<p>User experience and effective content are two aspects that keep users returning, yet these are oftentimes overlooked by both clients and developers.<\/p>\n<p>This talk would venture into strategies for planning and building successful multilingual and\/or multi-regional websites that maximise content and the end user experience, ultimately encouraging your clients\u2019 customers to stay and explore their website.<\/p>\n<p>Because a \u2018Briefly in English\u2019 page is about as big a turn off as an orange in the White House.<\/p>\n\n\t\t\t\t\t\t\t\t\t<\/div>\n\t\t\t<\/div>\n\n\t\t\n\t\t\t<div id=\"wcorg-session-256\" class=\"wcorg-session\" >\n\t\t\t\t<h2>\n\t\t\t\t\tWill the new General Data Protection Regulation affect me and if so, how should I respond? | EN\t\t\t\t<\/h2>\n\n\t\t\t\t<div class=\"wcorg-session-description\">\n\t\t\t\t\t\t\t\t\t\t\t\t\t\t\t\t\t\t\t\t<p>We will address the main concerns from the General Data Protection Regulations (GDPR), how they may be affecting you, and what you should do about it. With the time at hand, we will not go into much detail, but you will get a general idea on what it is all about and the overall direction to take in order to comply. We will of course also cover how the use of WordPress and a few of its many options for integration may be relevant in this context. The new regulations will come into effect just before summer 2018 (May 25, 2018), and besides threatening with fines for up to 20 million EUR or 4% of your annual revenue, you will be equally responsible regardless of your position in the supply chain. This means that both you, your customers and your suppliers may be fined if you do not handle and protect personal information with the appropriate level of care and diligence.<\/p>\n\n\t\t\t\t\t\t\t\t\t<\/div>\n\t\t\t<\/div>\n\n\t\t\n\t\t\t<div id=\"wcorg-session-248\" class=\"wcorg-session\" >\n\t\t\t\t<h2>\n\t\t\t\t\tAdvanced techniques for testing and updating WordPress core and plugins to avoid regressions | EN\t\t\t\t<\/h2>\n\n\t\t\t\t<div class=\"wcorg-session-description\">\n\t\t\t\t\t\t\t\t\t\t\t\t\t\t\t\t\t\t\t\t<p>Updating WordPress core and plugins is an important and often recurring maintenance task, that many often neglect due to the inherent risk of regressions and potential downtime. At Seravo.com we update hundreds of enterprise grade WordPress sites in a production-proof way using automated testing with RSpec and Phantom.js. In this talk I will show you how we do it and what are the open source tools anybody else can use as well to test their own sites before and after updates.<\/p>\n\n\t\t\t\t\t\t\t\t\t<\/div>\n\t\t\t<\/div>\n\n\t\t\n\t\t\t<div id=\"wcorg-session-239\" class=\"wcorg-session\" >\n\t\t\t\t<h2>\n\t\t\t\t\tI gang med dialog-v\u00e6rkt\u00f8jerne\t\t\t\t<\/h2>\n\n\t\t\t\t<div class=\"wcorg-session-description\">\n\t\t\t\t\t\t\t\t\t\t\t\t\t\t\t\t\t\t\t\t<p>Se dit arbejde med online platformen som en dialog med brugere, leads og interessenter. Det g\u00f8r dig til en bedre facilitator! Det l\u00f8nner sig at have fokus p\u00e5 dialogen fra A til Z &#8211; fra planl\u00e6gning af content og UX over implementering og design til m\u00e5ling og analyse af platformens effektivitet. Jeg vinkler foredraget for b\u00e5de begyndere og let viderekomne og propper det med konkrete eksempler og tool-tips.<\/p>\n\n\t\t\t\t\t\t\t\t\t<\/div>\n\t\t\t<\/div>\n\n\t\t\n\t\t\t<div id=\"wcorg-session-137\" class=\"wcorg-session\" >\n\t\t\t\t<h2>\n\t\t\t\t\tCrash course i temaudvikling til WordPress\t\t\t\t<\/h2>\n\n\t\t\t\t<div class=\"wcorg-session-description\">\n\t\t\t\t\t\t\t\t\t\t\t\t\t\t\t\t\t\t\t\t<p>I dette opl\u00e6g vil jeg lave en introduktion til temaudvikling i WordPress. Hverken mere eller mindre. P\u00e5 30 minutter f\u00e5r du en introduktion til f\u00f8lgende: Tema- og template-filer, funktioner til at inds\u00e6tte stylesheets og js-filer funktioner til at bruge menuer template tags the loop<\/p>\n\n\t\t\t\t\t\t\t\t\t<\/div>\n\t\t\t<\/div>\n\n\t\t\n\t\t\t<div id=\"wcorg-session-134\" class=\"wcorg-session\" >\n\t\t\t\t<h2>\n\t\t\t\t\tDerfor er netv\u00e6rket s\u00e5 vigtigt som ny iv\u00e6rks\u00e6tter\t\t\t\t<\/h2>\n\n\t\t\t\t<div class=\"wcorg-session-description\">\n\t\t\t\t\t\t\t\t\t\t\t\t\t\t\t\t\t\t\t\t<p>En \u00e6gte WP-historie, som er aff\u00f8dt af WordCamp DK 2016.<\/p>\n<p>I dette opl\u00e6g fort\u00e6ller jeg om betydningen af netv\u00e6rk som ny iv\u00e6rks\u00e6tter.<br \/>\nJeg fort\u00e6ller ogs\u00e5 om mit m\u00f8de med en gruppe af smittende WordPress-entusiaster, og hvordan jeg blev inspireret til at starte WordPress Meetup Viborg efter at have v\u00e6ret WordCamp DK 2016. i Aarhus. Sidst i opl\u00e6gget deler jeg ud af nogle af mine bedste r\u00e5d til, hvordan man bliver en bedre networker.<\/p>\n<p>Netv\u00e6rket er en uundv\u00e6rlig kilde til synlighed, relationsskabelse og salg.<\/p>\n\n\t\t\t\t\t\t\t\t\t<\/div>\n\t\t\t<\/div>\n\n\t\t\t<\/div><!-- .wcorg-sessions -->\n\n\t\n","protected":false},"excerpt":{"rendered":"","protected":false},"author":50198,"featured_media":0,"parent":0,"menu_order":0,"comment_status":"closed","ping_status":"closed","template":"","meta":{"jetpack_post_was_ever_published":false,"footnotes":""},"class_list":["post-131","page","type-page","status-publish","hentry"],"jetpack_sharing_enabled":true,"jetpack_shortlink":"https:\/\/wp.me\/P7PoA5-27","_links":{"self":[{"href":"https:\/\/copenhagen.wordcamp.org\/2017\/wp-json\/wp\/v2\/pages\/131","targetHints":{"allow":["GET"]}}],"collection":[{"href":"https:\/\/copenhagen.wordcamp.org\/2017\/wp-json\/wp\/v2\/pages"}],"about":[{"href":"https:\/\/copenhagen.wordcamp.org\/2017\/wp-json\/wp\/v2\/types\/page"}],"author":[{"embeddable":true,"href":"https:\/\/copenhagen.wordcamp.org\/2017\/wp-json\/wp\/v2\/users\/50198"}],"replies":[{"embeddable":true,"href":"https:\/\/copenhagen.wordcamp.org\/2017\/wp-json\/wp\/v2\/comments?post=131"}],"version-history":[{"count":2,"href":"https:\/\/copenhagen.wordcamp.org\/2017\/wp-json\/wp\/v2\/pages\/131\/revisions"}],"predecessor-version":[{"id":419,"href":"https:\/\/copenhagen.wordcamp.org\/2017\/wp-json\/wp\/v2\/pages\/131\/revisions\/419"}],"wp:attachment":[{"href":"https:\/\/copenhagen.wordcamp.org\/2017\/wp-json\/wp\/v2\/media?parent=131"}],"curies":[{"name":"wp","href":"https:\/\/api.w.org\/{rel}","templated":true}]}}