{"id":8,"date":"2013-02-06T15:15:11","date_gmt":"2013-02-06T15:15:11","guid":{"rendered":"https:\/\/2013.copenhagen.wordcamp.org\/?page_id=8"},"modified":"2013-02-27T21:26:18","modified_gmt":"2013-02-27T20:26:18","slug":"om-wordcamp","status":"publish","type":"page","link":"https:\/\/copenhagen.wordcamp.org\/2013\/om-wordcamp\/","title":{"rendered":"Om WordCamp"},"content":{"rendered":"<p>WordCamp Denmark startede (naturligvis) i <a title=\"http:\/\/wordpress.dk\/forum\/\" href=\"http:\/\/wordpress.dk\/forum\/\" target=\"_blank\">det danske WordPress forum<\/a>.<br \/>\nHelt n\u00f8jagtigt <a title=\"WordCamp Denmark\" href=\"http:\/\/wordpress.dk\/forum\/topic\/wordcamp-danmark-2010\" target=\"_blank\">i denne tr\u00e5d<\/a>.<\/p>\n<p>WordCamp Denmark 2010 foregik i <a href=\"http:\/\/kubik.kk.dk\/kulturvesterbro\/om-kultur-vesterbro\/vesterbro-kulturhus\" target=\"_blank\">Vesterbro Kulturhus<\/a> p\u00e5 Vesterbro i K\u00f8benhavn. WordCamp 2011 foregik samme sted.<\/p>\n<p>WordCamp Denmark 2013 er stadig ved at blive planlagt.<\/p>\n<p>Vi har samlet <a title=\"http:\/\/wp-danmark.dk\/blog\/2011\/11\/15\/wordcamp-denmark-2011-tak-for-denne-gang\/\" href=\"http:\/\/wp-danmark.dk\/blog\/2011\/11\/15\/wordcamp-denmark-2011-tak-for-denne-gang\/\" target=\"_blank\">Video og pr\u00e6sentationer fra sidste WordCamp<\/a>, der blev afviklet i efter\u00e5ret 2011.<\/p>\n","protected":false},"excerpt":{"rendered":"<p>WordCamp Denmark startede (naturligvis) i det danske WordPress forum. Helt n\u00f8jagtigt i denne tr\u00e5d. WordCamp Denmark 2010 foregik i Vesterbro Kulturhus p\u00e5 Vesterbro i K\u00f8benhavn. WordCamp 2011 foregik samme sted. WordCamp Denmark 2013 er stadig ved at blive planlagt. Vi &hellip; <a href=\"https:\/\/copenhagen.wordcamp.org\/2013\/om-wordcamp\/\">Continue reading <span class=\"screen-reader-text\">Om WordCamp<\/span>  <span class=\"meta-nav\">&rarr;<\/span><\/a><\/p>\n","protected":false},"author":8285699,"featured_media":0,"parent":0,"menu_order":0,"comment_status":"open","ping_status":"open","template":"","meta":{"jetpack_post_was_ever_published":false,"footnotes":""},"class_list":["post-8","page","type-page","status-publish","hentry"],"jetpack_sharing_enabled":true,"jetpack_shortlink":"https:\/\/wp.me\/P33sXg-8","_links":{"self":[{"href":"https:\/\/copenhagen.wordcamp.org\/2013\/wp-json\/wp\/v2\/pages\/8","targetHints":{"allow":["GET"]}}],"collection":[{"href":"https:\/\/copenhagen.wordcamp.org\/2013\/wp-json\/wp\/v2\/pages"}],"about":[{"href":"https:\/\/copenhagen.wordcamp.org\/2013\/wp-json\/wp\/v2\/types\/page"}],"author":[{"embeddable":true,"href":"https:\/\/copenhagen.wordcamp.org\/2013\/wp-json\/wp\/v2\/users\/8285699"}],"replies":[{"embeddable":true,"href":"https:\/\/copenhagen.wordcamp.org\/2013\/wp-json\/wp\/v2\/comments?post=8"}],"version-history":[{"count":5,"href":"https:\/\/copenhagen.wordcamp.org\/2013\/wp-json\/wp\/v2\/pages\/8\/revisions"}],"predecessor-version":[{"id":47,"href":"https:\/\/copenhagen.wordcamp.org\/2013\/wp-json\/wp\/v2\/pages\/8\/revisions\/47"}],"wp:attachment":[{"href":"https:\/\/copenhagen.wordcamp.org\/2013\/wp-json\/wp\/v2\/media?parent=8"}],"curies":[{"name":"wp","href":"https:\/\/api.w.org\/{rel}","templated":true}]}}