{"id":29,"date":"2013-02-06T15:25:23","date_gmt":"2013-02-06T15:25:23","guid":{"rendered":"https:\/\/2013.copenhagen.wordcamp.org\/?page_id=29"},"modified":"2013-02-06T23:31:55","modified_gmt":"2013-02-06T22:31:55","slug":"planlaegning","status":"publish","type":"page","link":"https:\/\/copenhagen.wordcamp.org\/2013\/planlaegning\/","title":{"rendered":"Planl\u00e6gning"},"content":{"rendered":"<p>S\u00e5 er WordCamp Denmark 2013 ved at blive planlagt.<\/p>\n<p>Arrangementet kommer til at foreg\u00e5 \u00a016. og 17. marts i K\u00f8benhavn.<\/p>\n<p>Hvis du arbejder med WordPress, p\u00e5 den ene eller den anden m\u00e5de, er dette arrangement for dig. Vi \u00f8nsker at lave et arrangement der er relevant for dig, hvad enten du er blogger, designer, programm\u00f8r, skribent, r\u00e5dgiver, handlende, hobbyist eller noget helt andet.<\/p>\n<p>WordCamp Denmark er en enest\u00e5ende mulighed for at l\u00e6re mere om WordPress og at netv\u00e6rke indenfor det brugermilj\u00f8 der findes omkring WordPress.<\/p>\n<h2>Hj\u00e6lp os<\/h2>\n<p>Gode hj\u00e6lpere er livsn\u00f8dvendige, s\u00e5 meld jer gerne. Vi har brug for din opbakning, og al hj\u00e6lp er meget velkommen.\u00a0Vi har brug for f\u00f8lgende:<\/p>\n<p><strong>Opl\u00e6g:<\/strong> Meld dig gerne som opl\u00e6gsholder. Det er sjovt, og en god m\u00e5de at g\u00f8re andre opm\u00e6rsom p\u00e5, hvem du er og hvad du tilbyder.<\/p>\n<p><strong>Forslag:<\/strong>\u00a0Hvis du hellere vil lytte p\u00e5, s\u00e5 kom med forslag til emner via kommentar feltet nederst p\u00e5 siden her.\u00a0Hvilke emner kunne du t\u00e6nke dig at h\u00f8re om p\u00e5 WordCamp i \u00e5r?<\/p>\n<p><strong>Video:<\/strong>\u00a0Vi vil gerne optage s\u00e5 meget fra WordCampen som muligt, s\u00e5 vi kan l\u00e6gge opl\u00e6g og oplevelser ud p\u00e5 nettet efterf\u00f8lgende. Meld dig gerne til at\u00a0optage video fra arrangementet, og evt. til at klippe og l\u00e6gge videoerne ud p\u00e5 Vimeo eller YouTube efterf\u00f8lgende.<\/p>\n<p><strong>Penge:<\/strong> Sponsering er velkommen. Meld dig som sponsor hvis du har muligheden.<\/p>\n<p><strong>Hjemmesiden:<\/strong> Korrekturl\u00e6sning af hjemmesiden her. Finder du fejl s\u00e5 email gerne jesper@jarlskov.dk. Har du et fedt <strong>billede af K\u00f8benhavn<\/strong> som kunne passe ind som headergrafik p\u00e5 denne side? S\u00e5 vil vi meget gerne have det p\u00e5. Du skal selv have rettighederne til materialet, og det vil blive GPL licenceret (dvs. andre skal have lov at benytte det) Du bliver naturligvis krediteret som fotograf.<\/p>\n<p><strong>Lip service:<\/strong> Hj\u00e6lp os med at sprede buskabet \u2013hj\u00e6lp os med at f\u00e5 fat i s\u00e5 mange relevante deltagere som muligt. Sig det videre, tweet, blog, facebook.<\/p>\n<p>&nbsp;<\/p>\n<h2>Forel\u00f8bige forslag til emner<\/h2>\n<p>De forel\u00f8bige forslag til emner er listet <a href=\"http:\/\/wp-danmark.dk\/blog\/2013\/01\/10\/wordcamp-2013-indhold\/\">her<\/a>.<\/p>\n<h2>Opl\u00e6gsholdere<\/h2>\n<p>Vi mangler stadig opl\u00e6gsholdere. Meld dig gerne.<br \/>\nListen over forel\u00f8bige opl\u00e6gsholdere kan ses p\u00e5 siden <a title=\"Opl\u00e6gsholdere\" href=\"\/oplaegsholdere\/\">opl\u00e6gsholdere<\/a>.<\/p>\n","protected":false},"excerpt":{"rendered":"<p>S\u00e5 er WordCamp Denmark 2013 ved at blive planlagt. Arrangementet kommer til at foreg\u00e5 \u00a016. og 17. marts i K\u00f8benhavn. Hvis du arbejder med WordPress, p\u00e5 den ene eller den anden m\u00e5de, er dette arrangement for dig. Vi \u00f8nsker at &hellip; <a href=\"https:\/\/copenhagen.wordcamp.org\/2013\/planlaegning\/\">Continue reading <span class=\"screen-reader-text\">Planl\u00e6gning<\/span>  <span class=\"meta-nav\">&rarr;<\/span><\/a><\/p>\n","protected":false},"author":8285699,"featured_media":0,"parent":0,"menu_order":0,"comment_status":"open","ping_status":"open","template":"","meta":{"jetpack_post_was_ever_published":false,"footnotes":""},"class_list":["post-29","page","type-page","status-publish","hentry"],"jetpack_sharing_enabled":true,"jetpack_shortlink":"https:\/\/wp.me\/P33sXg-t","_links":{"self":[{"href":"https:\/\/copenhagen.wordcamp.org\/2013\/wp-json\/wp\/v2\/pages\/29","targetHints":{"allow":["GET"]}}],"collection":[{"href":"https:\/\/copenhagen.wordcamp.org\/2013\/wp-json\/wp\/v2\/pages"}],"about":[{"href":"https:\/\/copenhagen.wordcamp.org\/2013\/wp-json\/wp\/v2\/types\/page"}],"author":[{"embeddable":true,"href":"https:\/\/copenhagen.wordcamp.org\/2013\/wp-json\/wp\/v2\/users\/8285699"}],"replies":[{"embeddable":true,"href":"https:\/\/copenhagen.wordcamp.org\/2013\/wp-json\/wp\/v2\/comments?post=29"}],"version-history":[{"count":4,"href":"https:\/\/copenhagen.wordcamp.org\/2013\/wp-json\/wp\/v2\/pages\/29\/revisions"}],"predecessor-version":[{"id":31,"href":"https:\/\/copenhagen.wordcamp.org\/2013\/wp-json\/wp\/v2\/pages\/29\/revisions\/31"}],"wp:attachment":[{"href":"https:\/\/copenhagen.wordcamp.org\/2013\/wp-json\/wp\/v2\/media?parent=29"}],"curies":[{"name":"wp","href":"https:\/\/api.w.org\/{rel}","templated":true}]}}