{"id":27,"date":"2013-02-06T15:23:19","date_gmt":"2013-02-06T15:23:19","guid":{"rendered":"https:\/\/2013.copenhagen.wordcamp.org\/?page_id=27"},"modified":"2013-02-06T15:23:19","modified_gmt":"2013-02-06T15:23:19","slug":"oplaegsholdere","status":"publish","type":"page","link":"https:\/\/copenhagen.wordcamp.org\/2013\/oplaegsholdere\/","title":{"rendered":"Opl\u00e6gsholdere"},"content":{"rendered":"\n\t\t<div class=\"cpt-loop speaker-gravatar-list clearfix\">\n\t\t\t<p>\n\t\t\t\t\t\t\t<a href='#annette-q-pedersen' title='Annette Q. Pedersen'><img alt='' src='https:\/\/secure.gravatar.com\/avatar\/7767b243ac71777d34e08a0c8eb98fbcd6b83a4e1dfbb96e0370ae01830aa489?s=48&#038;d=mm&#038;r=g' srcset='https:\/\/secure.gravatar.com\/avatar\/7767b243ac71777d34e08a0c8eb98fbcd6b83a4e1dfbb96e0370ae01830aa489?s=96&#038;d=mm&#038;r=g 2x' class='avatar avatar-48 photo' height='48' width='48' \/><\/a>\t\t\t\t\t\t\t<a href='#brian-brandt' title='Brian Brandt'><img alt='' src='https:\/\/secure.gravatar.com\/avatar\/5b68f99330e8d13a5931d178ddc172e253968d7a0254142f0102891fe7b700eb?s=48&#038;d=mm&#038;r=g' srcset='https:\/\/secure.gravatar.com\/avatar\/5b68f99330e8d13a5931d178ddc172e253968d7a0254142f0102891fe7b700eb?s=96&#038;d=mm&#038;r=g 2x' class='avatar avatar-48 photo' height='48' width='48' \/><\/a>\t\t\t\t\t\t\t<a href='#kare-mulvad' title='K\u00e5re Mulvad'><img alt='' src='https:\/\/secure.gravatar.com\/avatar\/984810650404cb68d9c5e69e96a36dad540d41e584600796076752189e5235cc?s=48&#038;d=mm&#038;r=g' srcset='https:\/\/secure.gravatar.com\/avatar\/984810650404cb68d9c5e69e96a36dad540d41e584600796076752189e5235cc?s=96&#038;d=mm&#038;r=g 2x' class='avatar avatar-48 photo' height='48' width='48' \/><\/a>\t\t\t\t\t\t\t<a href='#kim-tetzlaff' title='Kim Tetzlaff'><img alt='' src='https:\/\/secure.gravatar.com\/avatar\/720d2a4784e3138973b73832b4cb3863cba640d502562a37c6dfc8026fb70faa?s=48&#038;d=mm&#038;r=g' srcset='https:\/\/secure.gravatar.com\/avatar\/720d2a4784e3138973b73832b4cb3863cba640d502562a37c6dfc8026fb70faa?s=96&#038;d=mm&#038;r=g 2x' class='avatar avatar-48 photo' height='48' width='48' \/><\/a>\t\t\t\t\t\t\t<a href='#mikkel-breum' title='Mikkel Breum'><img alt='' src='https:\/\/secure.gravatar.com\/avatar\/42d4d3eb379776f40941a59a8783a4c6b913241d64cc6470043a925df0ea0648?s=48&#038;d=mm&#038;r=g' srcset='https:\/\/secure.gravatar.com\/avatar\/42d4d3eb379776f40941a59a8783a4c6b913241d64cc6470043a925df0ea0648?s=96&#038;d=mm&#038;r=g 2x' class='avatar avatar-48 photo' height='48' width='48' \/><\/a>\t\t\t\t\t\t\t<a href='#oliver-nielsen' title='Oliver Nielsen'><img alt='' src='https:\/\/secure.gravatar.com\/avatar\/02c3f611e89de82bfe1d7319be590073e753f581614bebf726e25007127dc6f1?s=48&#038;d=mm&#038;r=g' srcset='https:\/\/secure.gravatar.com\/avatar\/02c3f611e89de82bfe1d7319be590073e753f581614bebf726e25007127dc6f1?s=96&#038;d=mm&#038;r=g 2x' class='avatar avatar-48 photo' height='48' width='48' \/><\/a>\t\t\t\t\t\t\t<a href='#rene-frederiksen' title='Ren\u00e9 Frederiksen'><img alt='' src='https:\/\/secure.gravatar.com\/avatar\/f40c63ff79632048af0c99170318941737c1453fee013597771c753a71233ebe?s=48&#038;d=mm&#038;r=g' srcset='https:\/\/secure.gravatar.com\/avatar\/f40c63ff79632048af0c99170318941737c1453fee013597771c753a71233ebe?s=96&#038;d=mm&#038;r=g 2x' class='avatar avatar-48 photo' height='48' width='48' \/><\/a>\t\t\t\t\t\t\t<a href='#steffen-jorgensen' title='Steffen J\u00f8rgensen'><img alt='' src='https:\/\/secure.gravatar.com\/avatar\/a7372ee92f9cd79cd2056658b7df709597a4c66eb3df7e57f32e9f5768748c13?s=48&#038;d=mm&#038;r=g' srcset='https:\/\/secure.gravatar.com\/avatar\/a7372ee92f9cd79cd2056658b7df709597a4c66eb3df7e57f32e9f5768748c13?s=96&#038;d=mm&#038;r=g 2x' class='avatar avatar-48 photo' height='48' width='48' \/><\/a>\t\t\t\t\t\t\t<a href='#thomas-bensmann' title='Thomas Bensmann'><img alt='' src='https:\/\/secure.gravatar.com\/avatar\/ed3f4dd99c831808efc406d76383e962f7b647a18679c45592c26bedbd0f026f?s=48&#038;d=mm&#038;r=g' srcset='https:\/\/secure.gravatar.com\/avatar\/ed3f4dd99c831808efc406d76383e962f7b647a18679c45592c26bedbd0f026f?s=96&#038;d=mm&#038;r=g 2x' class='avatar avatar-48 photo' height='48' width='48' \/><\/a>\t\t\t\t\t\t\t<a href='#thomas-clausen' title='Thomas Clausen'><img alt='' src='https:\/\/secure.gravatar.com\/avatar\/15059d863fd27b1c41de1d23fd10018d3fc9d460cd02d351001aafe2d189e4a3?s=48&#038;d=mm&#038;r=g' srcset='https:\/\/secure.gravatar.com\/avatar\/15059d863fd27b1c41de1d23fd10018d3fc9d460cd02d351001aafe2d189e4a3?s=96&#038;d=mm&#038;r=g 2x' class='avatar avatar-48 photo' height='48' width='48' \/><\/a>\t\t\t\t\t\t<\/p>\n\t\t<\/div>\n\n\t\t\t\t\n\t\t<div class=\"cpt-loop speakers\">\n\t\t\t<div class=\"grid_6 alpha\">\n\n\t\t\t\t\n\t\t\t\t\t\n\t\t\t\t\t<div id=\"annette-q-pedersen\" class=\"speaker clearfix odd post-60 wcb_speaker type-wcb_speaker status-publish hentry\" >\n\t\t\t\t\t\t<h3 class=\"entry-title speaker-name\">Annette Q. Pedersen<\/h3>\n\t\t\t\t\t\t<div class=\"entry-content speaker-bio\">\n\t\t\t\t\t\t<img alt='' src='https:\/\/secure.gravatar.com\/avatar\/7767b243ac71777d34e08a0c8eb98fbcd6b83a4e1dfbb96e0370ae01830aa489?s=102&#038;d=mm&#038;r=g' srcset='https:\/\/secure.gravatar.com\/avatar\/7767b243ac71777d34e08a0c8eb98fbcd6b83a4e1dfbb96e0370ae01830aa489?s=204&#038;d=mm&#038;r=g 2x' class='avatar avatar-102 photo' height='102' width='102' \/><p>Har siden starten af 2005 leget med WordPress p\u00e5 egne installationer, og s\u00e5 har jeg undervist studerende, undervisere p\u00e5 KU og alle mulige andre i f\u00e5 lavet WordPress-sites p\u00e5 egne dom\u00e6ner, hostet og ikke mindst i at bruge blogs til forskellige p\u00e6dagogiske form\u00e5l.<\/p>\n<p>Til hverdag er jeg E-l\u00e6ringskonsulent p\u00e5 K\u00f8benhavns Universitet, hvor jeg i 2012 hentede KUs WordPress multiuser installation (<a href=\"http:\/\/blogs.ku.dk\" target=\"_blank\">blogs.ku.dk<\/a>) hjem fra Edublogs til en ny installation p\u00e5 KUs egne servere.<\/p>\n<p>Jeg skriver om internet, tech og l\u00e6ring p\u00e5 <a href=\"http:\/\/mostly-cloudy.net\" target=\"_blank\">http:\/\/mostly-cloudy.net<\/a> &#8211; og kan findes via <a href=\"http:\/\/anetq.dk\" target=\"_blank\">http:\/\/anetq.dk<\/a><\/p>\n\t\t\t\t\t\t<\/div>\n\t\t\t\t\t<\/div>\n\t\t\t\t\n\t\t\t\t\t\n\t\t\t\t\t<div id=\"brian-brandt\" class=\"speaker clearfix even post-70 wcb_speaker type-wcb_speaker status-publish hentry\" >\n\t\t\t\t\t\t<h3 class=\"entry-title speaker-name\">Brian Brandt<\/h3>\n\t\t\t\t\t\t<div class=\"entry-content speaker-bio\">\n\t\t\t\t\t\t<img alt='' src='https:\/\/secure.gravatar.com\/avatar\/5b68f99330e8d13a5931d178ddc172e253968d7a0254142f0102891fe7b700eb?s=102&#038;d=mm&#038;r=g' srcset='https:\/\/secure.gravatar.com\/avatar\/5b68f99330e8d13a5931d178ddc172e253968d7a0254142f0102891fe7b700eb?s=204&#038;d=mm&#038;r=g 2x' class='avatar avatar-102 photo' height='102' width='102' \/><p>** Brian er p\u00e5 standby i tilf\u00e6lde af afbud eller lign. **<br \/>\nHvis du savner opl\u00e6g fra Brian, s\u00e5 er der disse to fremragende indl\u00e6g fra tidligere:<br \/>\n<iframe loading=\"lazy\" title=\"50 great WordPress plugins\" src=\"https:\/\/www.slideshare.net\/slideshow\/embed_code\/key\/sM1ZUMCae1msAI\" width=\"427\" height=\"356\" frameborder=\"0\" marginwidth=\"0\" marginheight=\"0\" scrolling=\"no\" style=\"border:1px solid #CCC; border-width:1px; margin-bottom:5px; max-width: 100%;\" allowfullscreen> <\/iframe> <\/p>\n<div style=\"margin-bottom:5px\"> <strong> <a href=\"https:\/\/www.slideshare.net\/brianbrandt\/50-great-wordpress-plugins\" title=\"50 great WordPress plugins\" target=\"_blank\">50 great WordPress plugins<\/a> <\/strong> from <strong><a href=\"https:\/\/www.slideshare.net\/brianbrandt\" target=\"_blank\">ClickStarter<\/a><\/strong> <\/div>\n<p><iframe loading=\"lazy\" title=\"Wordpress som cms\" src=\"https:\/\/www.slideshare.net\/slideshow\/embed_code\/key\/NM3fcSVNTJMzIf\" width=\"427\" height=\"356\" frameborder=\"0\" marginwidth=\"0\" marginheight=\"0\" scrolling=\"no\" style=\"border:1px solid #CCC; border-width:1px; margin-bottom:5px; max-width: 100%;\" allowfullscreen> <\/iframe> <\/p>\n<div style=\"margin-bottom:5px\"> <strong> <a href=\"https:\/\/www.slideshare.net\/brianbrandt\/wordpress-som-cms\" title=\"Wordpress som cms\" target=\"_blank\">WordPress som cms<\/a> <\/strong> from <strong><a href=\"https:\/\/www.slideshare.net\/brianbrandt\" target=\"_blank\">ClickStarter<\/a><\/strong> <\/div>\n<p>Jeg arbejder til dagligt med online marketing via min virksomhed ClickStarter.<\/p>\n<p>Mine kompetencer d\u00e6kker: Online Strategi, E-handel, S\u00f8gemaskineoptimering, Google Adwords, Affiliate marketing. Jeg har tidligere st\u00e5et bag firmaet wpdk.dk, der udelukkende laver webl\u00f8sninger i WordPress.<\/p>\n<p>Jeg har skrevet b\u00f8gerne <strong>Webshop Hvordan<\/strong> og <strong>Jysk eMarketing<\/strong>, samt den f\u00f8rste egentlige danske guideh\u00e6fte til WordPress.<\/p>\n\t\t\t\t\t\t<\/div>\n\t\t\t\t\t<\/div>\n\t\t\t\t\n\t\t\t\t\t\n\t\t\t\t\t<div id=\"kare-mulvad\" class=\"speaker clearfix odd post-72 wcb_speaker type-wcb_speaker status-publish hentry\" >\n\t\t\t\t\t\t<h3 class=\"entry-title speaker-name\">K\u00e5re Mulvad<\/h3>\n\t\t\t\t\t\t<div class=\"entry-content speaker-bio\">\n\t\t\t\t\t\t<img alt='' src='https:\/\/secure.gravatar.com\/avatar\/984810650404cb68d9c5e69e96a36dad540d41e584600796076752189e5235cc?s=102&#038;d=mm&#038;r=g' srcset='https:\/\/secure.gravatar.com\/avatar\/984810650404cb68d9c5e69e96a36dad540d41e584600796076752189e5235cc?s=204&#038;d=mm&#038;r=g 2x' class='avatar avatar-102 photo' height='102' width='102' \/><p>Startede eget firma September 2009, Dejlig Lama, og er nu verdens gladeste mand i det firma.<\/p>\n<p>Fik ideen til at lave et opl\u00e6g med temaet &#8220;danske WordPress-l\u00f8sninger&#8221;, da jeg synes, det kan v\u00e6re sv\u00e6rt at f\u00f8lge med i det hele, og hvad andre WordPress-folk finder p\u00e5 i Danmark.<\/p>\n\t\t\t\t\t\t<\/div>\n\t\t\t\t\t<\/div>\n\t\t\t\t\n\t\t\t\t\t\n\t\t\t\t\t<div id=\"kim-tetzlaff\" class=\"speaker clearfix even post-100 wcb_speaker type-wcb_speaker status-publish hentry\" >\n\t\t\t\t\t\t<h3 class=\"entry-title speaker-name\">Kim Tetzlaff<\/h3>\n\t\t\t\t\t\t<div class=\"entry-content speaker-bio\">\n\t\t\t\t\t\t<img alt='' src='https:\/\/secure.gravatar.com\/avatar\/720d2a4784e3138973b73832b4cb3863cba640d502562a37c6dfc8026fb70faa?s=102&#038;d=mm&#038;r=g' srcset='https:\/\/secure.gravatar.com\/avatar\/720d2a4784e3138973b73832b4cb3863cba640d502562a37c6dfc8026fb70faa?s=204&#038;d=mm&#038;r=g 2x' class='avatar avatar-102 photo' height='102' width='102' \/><p>Jeg driver firmaet KTJ-Media.dk, hvor jeg laver\u00a0<a href=\"http:\/\/www.ktj-media.dk\/produkter\/\">professionelle kvalitets l\u00f8sninger<\/a>.<\/p>\n<p>Jeg arbejder med <a href=\"http:\/\/www.ktj-media.dk\/produkter\/webdesign\/\">webdesign<\/a> og <a href=\"http:\/\/www.ktj-media.dk\/produkter\/webdesign\/\">grafisk design<\/a>, til s\u00e5vel virksomheder som private.<\/p>\n<p>Jeg f\u00f8lger udviklingen inden for faget t\u00e6t, hvorfor jeg opretholder kendskab til det nyeste udvikling. Derfor har jeg ogs\u00e5 en stor erfaring i at optimere og forbedre ydelsen for forskellige webl\u00f8sninger, hvilket mit opl\u00e6g vil handle om.<\/p>\n\t\t\t\t\t\t<\/div>\n\t\t\t\t\t<\/div>\n\t\t\t\t\n\t\t\t\t\t\n\t\t\t\t\t<div id=\"mikkel-breum\" class=\"speaker clearfix odd post-103 wcb_speaker type-wcb_speaker status-publish hentry\" >\n\t\t\t\t\t\t<h3 class=\"entry-title speaker-name\">Mikkel Breum<\/h3>\n\t\t\t\t\t\t<div class=\"entry-content speaker-bio\">\n\t\t\t\t\t\t<img alt='' src='https:\/\/secure.gravatar.com\/avatar\/42d4d3eb379776f40941a59a8783a4c6b913241d64cc6470043a925df0ea0648?s=102&#038;d=mm&#038;r=g' srcset='https:\/\/secure.gravatar.com\/avatar\/42d4d3eb379776f40941a59a8783a4c6b913241d64cc6470043a925df0ea0648?s=204&#038;d=mm&#038;r=g 2x' class='avatar avatar-102 photo' height='102' width='102' \/><p>Jeg er WordPress udvikler og -designer. Jeg driver til dagligt min virksomhed\u00a0<a href=\"http:\/\/wpkitchen.com\">wpKitchen<\/a>,\u00a0hvor jeg hj\u00e6lper sm\u00e5 og store virksomheder med at f\u00e5 det optimale ud af deres WordPress l\u00f8sninger. Jeg er specielt interesseret i Civil Society projekter og Non-Profits.\u00a0Jeg f\u00f8lger n\u00f8je udviklingen indenfor WordPress, webdesign og web-relateret teknologi generelt. Jeg fungerer som r\u00e5dgiver og QA konsulent i forbindelse med planl\u00e6gningen af nye sites, hvor jeg er med til at sikre, at l\u00f8sninger bliver planlagt optimalt fra starten.<\/p>\n<p>Jeg er aktivt engageret i WordPress milj\u00f8et i Berlin hvor jeg har boet de sidste 8 \u00e5r. Fra sommeren 2013 bliver min nye base G\u00f6teborg, hvor jeg h\u00e5ber at kunne bidrage til det lokale WordPress milj\u00f8. Og s\u00e5 er jeg altid interesseret i at bidrage til WordCamp og WordPress relaterede initiativer i Danmark.<\/p>\n\t\t\t\t\t\t<\/div>\n\t\t\t\t\t<\/div>\n\t\t\t\t\n\t\t\t\t\t<\/div><div class=\"grid_6 omega\">\n\t\t\t\t\t<div id=\"oliver-nielsen\" class=\"speaker clearfix even post-67 wcb_speaker type-wcb_speaker status-publish hentry\" >\n\t\t\t\t\t\t<h3 class=\"entry-title speaker-name\">Oliver Nielsen<\/h3>\n\t\t\t\t\t\t<div class=\"entry-content speaker-bio\">\n\t\t\t\t\t\t<img alt='' src='https:\/\/secure.gravatar.com\/avatar\/02c3f611e89de82bfe1d7319be590073e753f581614bebf726e25007127dc6f1?s=102&#038;d=mm&#038;r=g' srcset='https:\/\/secure.gravatar.com\/avatar\/02c3f611e89de82bfe1d7319be590073e753f581614bebf726e25007127dc6f1?s=204&#038;d=mm&#038;r=g 2x' class='avatar avatar-102 photo' height='102' width='102' \/><p>Driver til daglig firmaet <a title=\"http:\/\/www.webmatros.dk\" href=\"http:\/\/www.webmatros.dk\" target=\"_blank\">WebMatros<\/a>, der laver webl\u00f8sninger i WordPress.<\/p>\n<p>Har tidligere holdt opl\u00e6g for WordCamp Danmark om &#8220;WordPress SEO&#8221; og &#8220;Succes med online video&#8221;. Arbejder p\u00e5 ebogen &#8220;<a title=\"http:\/\/www.webmatros.dk\/zeo\/\" href=\"http:\/\/www.webmatros.dk\/zeo\/\" target=\"_blank\">ZEO \u2013 Holistisk SEO med WordPress og Google<\/a>&#8220;, der skulle v\u00e6re klar i l\u00f8bet af for\u00e5ret.<\/p>\n\t\t\t\t\t\t<\/div>\n\t\t\t\t\t<\/div>\n\t\t\t\t\n\t\t\t\t\t\n\t\t\t\t\t<div id=\"rene-frederiksen\" class=\"speaker clearfix odd post-75 wcb_speaker type-wcb_speaker status-publish hentry\" >\n\t\t\t\t\t\t<h3 class=\"entry-title speaker-name\">Ren\u00e9 Frederiksen<\/h3>\n\t\t\t\t\t\t<div class=\"entry-content speaker-bio\">\n\t\t\t\t\t\t<img alt='' src='https:\/\/secure.gravatar.com\/avatar\/f40c63ff79632048af0c99170318941737c1453fee013597771c753a71233ebe?s=102&#038;d=mm&#038;r=g' srcset='https:\/\/secure.gravatar.com\/avatar\/f40c63ff79632048af0c99170318941737c1453fee013597771c753a71233ebe?s=204&#038;d=mm&#038;r=g 2x' class='avatar avatar-102 photo' height='102' width='102' \/><p>Arbejder til daglig som online ansvarlig i DFDS koncernen p\u00e5 tv\u00e6rs af flere markeder og platforme. Mange \u00e5rs erfaring med online marketing, indhold, sociale medier mm. herunder wordpress blogs i DFDS regi.<\/p>\n<p>I fritiden blogger, skriver og udvikler jeg p\u00e5 mit hjertebarn, renefrederiksen.dk. Det er Danmarks st\u00f8rste blog om roadtrips i USA og et voksende community for folk med interesse for bilferie i USA.<\/p>\n\t\t\t\t\t\t<\/div>\n\t\t\t\t\t<\/div>\n\t\t\t\t\n\t\t\t\t\t\n\t\t\t\t\t<div id=\"steffen-jorgensen\" class=\"speaker clearfix even post-63 wcb_speaker type-wcb_speaker status-publish hentry\" >\n\t\t\t\t\t\t<h3 class=\"entry-title speaker-name\">Steffen J\u00f8rgensen<\/h3>\n\t\t\t\t\t\t<div class=\"entry-content speaker-bio\">\n\t\t\t\t\t\t<img alt='' src='https:\/\/secure.gravatar.com\/avatar\/a7372ee92f9cd79cd2056658b7df709597a4c66eb3df7e57f32e9f5768748c13?s=102&#038;d=mm&#038;r=g' srcset='https:\/\/secure.gravatar.com\/avatar\/a7372ee92f9cd79cd2056658b7df709597a4c66eb3df7e57f32e9f5768748c13?s=204&#038;d=mm&#038;r=g 2x' class='avatar avatar-102 photo' height='102' width='102' \/><p>Jeg arbejder til dagligt for\u00a0<a href=\"http:\/\/www.ebayclassifiedsgroup.com\/\" target=\"_blank\">eBay Classifieds Group<\/a>, hvor jeg holder \u00f8je med HTML, CSS and JavaScript hos <a title=\"BilBasen.dk\" href=\"http:\/\/bilbasen.dk\">BilBasen.dk<\/a>.<\/p>\n<p>Mit opl\u00e6g vil derfor ogs\u00e5 handle om god markup, dets muligheder og hvordan du kan bruge functions.php i WordPress.<\/p>\n\t\t\t\t\t\t<\/div>\n\t\t\t\t\t<\/div>\n\t\t\t\t\n\t\t\t\t\t\n\t\t\t\t\t<div id=\"thomas-bensmann\" class=\"speaker clearfix odd post-65 wcb_speaker type-wcb_speaker status-publish hentry\" >\n\t\t\t\t\t\t<h3 class=\"entry-title speaker-name\">Thomas Bensmann<\/h3>\n\t\t\t\t\t\t<div class=\"entry-content speaker-bio\">\n\t\t\t\t\t\t<img alt='' src='https:\/\/secure.gravatar.com\/avatar\/ed3f4dd99c831808efc406d76383e962f7b647a18679c45592c26bedbd0f026f?s=102&#038;d=mm&#038;r=g' srcset='https:\/\/secure.gravatar.com\/avatar\/ed3f4dd99c831808efc406d76383e962f7b647a18679c45592c26bedbd0f026f?s=204&#038;d=mm&#038;r=g 2x' class='avatar avatar-102 photo' height='102' width='102' \/><p>Jeg har tidligere holdt opl\u00e6g hos <a title=\"http:\/\/2013.norway.wordcamp.org\" href=\"http:\/\/2013.norway.wordcamp.org\">WordCamp Norway<\/a>.<\/p>\n<p>Jeg er WordPress udvikler og har arbejdet en del med mobiludvikling og mobilstrategier. Mit opl\u00e6g vil derfor handle om &#8220;responsive&#8221; designstrategier. Det vil sige, hvordan dit design tager sig godt ud p\u00e5 alle platforme.<br \/>\n<a href=\"https:\/\/twitter.com\/thomasmb\">@thomasmb<\/a><br \/>\n<a title=\"bensmann.no\" href=\"http:\/\/bensmann.no\" target=\"_blank\">bensmann.no<\/a><\/p>\n\t\t\t\t\t\t<\/div>\n\t\t\t\t\t<\/div>\n\t\t\t\t\n\t\t\t\t\t\n\t\t\t\t\t<div id=\"thomas-clausen\" class=\"speaker clearfix even post-68 wcb_speaker type-wcb_speaker status-publish hentry\" >\n\t\t\t\t\t\t<h3 class=\"entry-title speaker-name\">Thomas Clausen<\/h3>\n\t\t\t\t\t\t<div class=\"entry-content speaker-bio\">\n\t\t\t\t\t\t<img alt='' src='https:\/\/secure.gravatar.com\/avatar\/15059d863fd27b1c41de1d23fd10018d3fc9d460cd02d351001aafe2d189e4a3?s=102&#038;d=mm&#038;r=g' srcset='https:\/\/secure.gravatar.com\/avatar\/15059d863fd27b1c41de1d23fd10018d3fc9d460cd02d351001aafe2d189e4a3?s=204&#038;d=mm&#038;r=g 2x' class='avatar avatar-102 photo' height='102' width='102' \/><p>Jeg er med til at arrangere WordCamp og arbejder til dagligt som projektleder i Nykredit hvor jeg blandt andet er forretningsansvarlig for Nykredit&#8217;s mobilbank app. Fritiden g\u00e5r med de 3 unger og diverse WordPress sites.<\/p>\n<ul>\n<li><a href=\"http:\/\/DesignGrotten.dk\/\">DesignGrotten.dk<\/a>\u00a0som er en lille webshop, som importerer \u00e6stetisk og funktionelt design<\/li>\n<li><a href=\"http:\/\/VoipSnak.dk\/\">VoipSnak.dk<\/a>\u00a0som er Danmark st\u00f8rste IP-telefoni forum og bbPress 2.0 installation (indtil videre :-)).<\/li>\n<li>Ud over disse to sites, s\u00e5 roder jeg ogs\u00e5 med nogle mindre sites p\u00e5\u00a0<a href=\"http:\/\/Trendminers.dk\/\">Trendminers.dk<\/a>,\u00a0<a href=\"http:\/\/Kroketmesteren.dk\/\">Kroketmesteren.dk<\/a>\u00a0og\u00a0<a href=\"http:\/\/Gamification.dk\/\">Gamification.dk<\/a><\/li>\n<\/ul>\n\t\t\t\t\t\t<\/div>\n\t\t\t\t\t<\/div>\n\t\t\t\t\n\t\t\t<\/div>\n\t\t<\/div>\n\n\t\t\n","protected":false},"excerpt":{"rendered":"","protected":false},"author":8285699,"featured_media":0,"parent":0,"menu_order":0,"comment_status":"open","ping_status":"open","template":"","meta":{"jetpack_post_was_ever_published":false,"footnotes":""},"class_list":["post-27","page","type-page","status-publish","hentry"],"jetpack_sharing_enabled":true,"jetpack_shortlink":"https:\/\/wp.me\/P33sXg-r","_links":{"self":[{"href":"https:\/\/copenhagen.wordcamp.org\/2013\/wp-json\/wp\/v2\/pages\/27","targetHints":{"allow":["GET"]}}],"collection":[{"href":"https:\/\/copenhagen.wordcamp.org\/2013\/wp-json\/wp\/v2\/pages"}],"about":[{"href":"https:\/\/copenhagen.wordcamp.org\/2013\/wp-json\/wp\/v2\/types\/page"}],"author":[{"embeddable":true,"href":"https:\/\/copenhagen.wordcamp.org\/2013\/wp-json\/wp\/v2\/users\/8285699"}],"replies":[{"embeddable":true,"href":"https:\/\/copenhagen.wordcamp.org\/2013\/wp-json\/wp\/v2\/comments?post=27"}],"version-history":[{"count":1,"href":"https:\/\/copenhagen.wordcamp.org\/2013\/wp-json\/wp\/v2\/pages\/27\/revisions"}],"predecessor-version":[{"id":28,"href":"https:\/\/copenhagen.wordcamp.org\/2013\/wp-json\/wp\/v2\/pages\/27\/revisions\/28"}],"wp:attachment":[{"href":"https:\/\/copenhagen.wordcamp.org\/2013\/wp-json\/wp\/v2\/media?parent=27"}],"curies":[{"name":"wp","href":"https:\/\/api.w.org\/{rel}","templated":true}]}}