{"id":17,"date":"2013-02-06T15:20:16","date_gmt":"2013-02-06T15:20:16","guid":{"rendered":"https:\/\/2013.copenhagen.wordcamp.org\/?page_id=17"},"modified":"2013-03-16T09:14:35","modified_gmt":"2013-03-16T08:14:35","slug":"program","status":"publish","type":"page","link":"https:\/\/copenhagen.wordcamp.org\/2013\/program\/","title":{"rendered":"Program"},"content":{"rendered":"<p>Her er det endelige program. Nogle af punkterne bliver m\u00e5ske flyttet rundt.<\/p>\n<p>Senest redigeret 7. marts 2013<\/p>\n<table width=\"640\">\n<tbody>\n<tr>\n<td colspan=\"3\" scope=\"col\">\n<h2>WordCamp program 2013<\/h2>\n<\/td>\n<\/tr>\n<tr>\n<td><\/td>\n<td><\/td>\n<td><\/td>\n<\/tr>\n<tr>\n<td colspan=\"2\">\n<h2>L\u00f8rdag 16. marts<\/h2>\n<\/td>\n<td><\/td>\n<\/tr>\n<tr>\n<td>09.00<\/td>\n<td>Indregistrering<br \/>\nMorgenmad\/velkomst<\/td>\n<td><\/td>\n<\/tr>\n<tr>\n<td>10.00<\/td>\n<td>God markup, CSS, JavaScript og mulighederne med functions.php<\/td>\n<td><a title=\"Steffen\" href=\"https:\/\/2013.copenhagen.wordcamp.org\/oplaegsholdere\/#steffen-jorgensen\">Steffen J\u00f8rgensen<\/a><\/td>\n<\/tr>\n<tr>\n<td>11.00<\/td>\n<td>S\u00e5dan f\u00e5r du dine unger til at opf\u00f8re sig p\u00e6nt med WordPress som webapp gulerod og agile udviklingsmetoder light i hjemmet<\/td>\n<td><a title=\"Thomas\" href=\"https:\/\/2013.copenhagen.wordcamp.org\/oplaegsholdere\/#thomas-clausen\">Thomas Clausen<\/a><\/td>\n<\/tr>\n<tr>\n<td>12.00<\/td>\n<td>Frokost<\/td>\n<td><\/td>\n<\/tr>\n<tr>\n<td>12.30<\/td>\n<td><strong>Keynote<\/strong><br \/>\nResponsive design principles and techniques<\/td>\n<td><a title=\"Thomas Bensmann\" href=\"https:\/\/2013.copenhagen.wordcamp.org\/oplaegsholdere\/#thomas-bensmann\">Thomas Bensmann<\/a><\/td>\n<\/tr>\n<tr>\n<td>14.00<\/td>\n<td>Hurtigere wordpress fra begyndelsen &#8211; gode r\u00e5d til optimering af hastigheden<\/td>\n<td><a title=\"Kim Tetzlaff\" href=\"https:\/\/2013.copenhagen.wordcamp.org\/oplaegsholdere\/#kim-tetzlaff\">Kim Tetzlaff<\/a><\/td>\n<\/tr>\n<tr>\n<td>15.00<\/td>\n<td>Skr\u00e6ddersyet website p\u00e5 0,5 med Headway<\/td>\n<td><a title=\"Oliver\" href=\"https:\/\/2013.copenhagen.wordcamp.org\/oplaegsholdere\/#oliver-nielsen\">Oliver Nielsen<\/a><\/td>\n<\/tr>\n<tr>\n<td><\/td>\n<td><\/td>\n<td><\/td>\n<\/tr>\n<tr>\n<td colspan=\"2\">\n<h2>S\u00f8ndag 17. marts<\/h2>\n<\/td>\n<td><\/td>\n<\/tr>\n<tr>\n<td>09.00<\/td>\n<td>Morgenmad og hygge<\/td>\n<td><\/td>\n<\/tr>\n<tr>\n<td>10.00<\/td>\n<td>Roadtrips i USA<br \/>\nFind din niche og fokuser, s\u00e5 er det let at lave godt indhold og tjene p\u00e5 det samtidig.<\/td>\n<td><a title=\"Ren\u00e9\" href=\"https:\/\/2013.copenhagen.wordcamp.org\/oplaegsholdere\/#rene-frederiksen\">Ren\u00e9 Frederiksen<\/a><\/td>\n<\/tr>\n<tr>\n<td>11.00<\/td>\n<td>Multisite. Migrering, ops\u00e6tning og drift.<\/td>\n<td><a title=\"Annette\" href=\"https:\/\/2013.copenhagen.wordcamp.org\/oplaegsholdere\/#annette-q-pedersen\">Annette Q. Pedersen<\/a><\/td>\n<\/tr>\n<tr>\n<td>12.00<\/td>\n<td>Frokost<\/td>\n<td><\/td>\n<\/tr>\n<tr>\n<td>12.30<\/td>\n<td><strong>Keynote<\/strong><br \/>\nGit, PaaS og Skabeloner. Om effektive arbejdsgange, tidssvarende metoder og udvikling\/brug af egne og andres standard-skabelon.<\/td>\n<td><a title=\"Mikkel\" href=\"https:\/\/2013.copenhagen.wordcamp.org\/oplaegsholdere\/#mikkel-breum\">Mikkel Breum<\/a><\/td>\n<\/tr>\n<tr>\n<td>14.00<\/td>\n<td>Pr\u00e6sentation af WordPress projekter<br \/>\nHvad rykker i det danske WordPress-landskab<br \/>\nHvis du vil p\u00e5 s\u00e5 skriv til wpdk13@dejliglama.dk<\/td>\n<td><a title=\"K\u00e5re\" href=\"https:\/\/2013.copenhagen.wordcamp.org\/oplaegsholdere\/#kare-mulvad\">K\u00e5re Mulvad<\/a><\/td>\n<\/tr>\n<tr>\n<td>15.00<\/td>\n<td>WordPress Danmark &#8211; siden sidst<br \/>\nRoundup\/gruppem\u00f8de om hvordan vi kommer videre med WordPress i Danmark<\/td>\n<td>Mark Thomas Gazel med flere<\/td>\n<\/tr>\n<\/tbody>\n<\/table>\n","protected":false},"excerpt":{"rendered":"<p>Her er det endelige program. Nogle af punkterne bliver m\u00e5ske flyttet rundt. Senest redigeret 7. marts 2013 WordCamp program 2013 L\u00f8rdag 16. marts 09.00 Indregistrering Morgenmad\/velkomst 10.00 God markup, CSS, JavaScript og mulighederne med functions.php Steffen J\u00f8rgensen 11.00 S\u00e5dan f\u00e5r &hellip; <a href=\"https:\/\/copenhagen.wordcamp.org\/2013\/program\/\">Continue reading <span class=\"screen-reader-text\">Program<\/span>  <span class=\"meta-nav\">&rarr;<\/span><\/a><\/p>\n","protected":false},"author":50198,"featured_media":0,"parent":0,"menu_order":0,"comment_status":"open","ping_status":"open","template":"","meta":{"jetpack_post_was_ever_published":false,"footnotes":""},"class_list":["post-17","page","type-page","status-publish","hentry"],"jetpack_sharing_enabled":true,"jetpack_shortlink":"https:\/\/wp.me\/P33sXg-h","_links":{"self":[{"href":"https:\/\/copenhagen.wordcamp.org\/2013\/wp-json\/wp\/v2\/pages\/17","targetHints":{"allow":["GET"]}}],"collection":[{"href":"https:\/\/copenhagen.wordcamp.org\/2013\/wp-json\/wp\/v2\/pages"}],"about":[{"href":"https:\/\/copenhagen.wordcamp.org\/2013\/wp-json\/wp\/v2\/types\/page"}],"author":[{"embeddable":true,"href":"https:\/\/copenhagen.wordcamp.org\/2013\/wp-json\/wp\/v2\/users\/50198"}],"replies":[{"embeddable":true,"href":"https:\/\/copenhagen.wordcamp.org\/2013\/wp-json\/wp\/v2\/comments?post=17"}],"version-history":[{"count":24,"href":"https:\/\/copenhagen.wordcamp.org\/2013\/wp-json\/wp\/v2\/pages\/17\/revisions"}],"predecessor-version":[{"id":56,"href":"https:\/\/copenhagen.wordcamp.org\/2013\/wp-json\/wp\/v2\/pages\/17\/revisions\/56"}],"wp:attachment":[{"href":"https:\/\/copenhagen.wordcamp.org\/2013\/wp-json\/wp\/v2\/media?parent=17"}],"curies":[{"name":"wp","href":"https:\/\/api.w.org\/{rel}","templated":true}]}}