{"id":10,"date":"2013-02-06T15:17:38","date_gmt":"2013-02-06T15:17:38","guid":{"rendered":"https:\/\/2013.copenhagen.wordcamp.org\/?page_id=10"},"modified":"2013-03-14T13:38:56","modified_gmt":"2013-03-14T12:38:56","slug":"stedet","status":"publish","type":"page","link":"https:\/\/copenhagen.wordcamp.org\/2013\/stedet\/","title":{"rendered":"Stedet"},"content":{"rendered":"<p><strong>Adresse<\/strong><\/p>\n<p><strong> Vesterbro Kulturhus<\/strong><br \/>\nLyrskovgade 4, 3. sal.<br \/>\n1758 K\u00f8benhavn V<\/p>\n<p><strong>Parkering<\/strong><br \/>\nL\u00f8rdag: 10,- kr. pr. time indtil kl. 17<br \/>\nS\u00f8ndag: gratis<br \/>\nSe ogs\u00e5: <a href=\"http:\/\/www.kk.dk\/Borger\/ByOgTrafik\/Parkering\/besoegende.aspx\">http:\/\/www.kk.dk\/Borger\/ByOgTrafik\/Parkering\/besoegende.aspx<\/a><\/p>\n<p><strong>Busser<br \/>\n<\/strong>Linje nummer 3A, 10 og med lidt god vilje linje 1A. Hvis du tager 1A, s\u00e5 st\u00e5 af ved Enghave Station.<\/p>\n<p><strong>Tog<\/strong><br \/>\nS-tog k\u00f8rer til Enghave St. Linje <a title=\"http:\/\/www.dsb.dk\/Global\/PDF\/Koereplaner\/S-tog\/Linje%20H.pdf\" href=\"http:\/\/www.dsb.dk\/Global\/PDF\/Koereplaner\/S-tog\/Linje%20H.pdf\" target=\"_blank\">H<\/a>, <a title=\"http:\/\/www.dsb.dk\/Global\/PDF\/Koereplaner\/S-tog\/Linje%20C.pdf\" href=\"http:\/\/www.dsb.dk\/Global\/PDF\/Koereplaner\/S-tog\/Linje%20C.pdf\" target=\"_blank\">C<\/a>, <a title=\"http:\/\/www.dsb.dk\/Global\/PDF\/Koereplaner\/S-tog\/Linje%20B.pdf\" href=\"http:\/\/www.dsb.dk\/Global\/PDF\/Koereplaner\/S-tog\/Linje%20B.pdf\" target=\"_blank\">B<\/a>.<\/p>\n<p><strong>Kort<\/strong><br \/>\n<div class=\"googlemaps\">\n\t\t\t\t<iframe loading=\"lazy\" width=\"600\" height=\"350\" frameborder=\"0\" scrolling=\"no\" marginheight=\"0\" marginwidth=\"0\"  src=\"https:\/\/maps.google.com\/maps?f=q&#038;source=embed&#038;hl=da&#038;geocode=&#038;q=Lyrskovgade%204,%203.,%201758%20K\u00f8benhavn%20V,%20Denmark&#038;sll=55.673955,12.548189&#038;sspn=0.03146,0.100851&#038;ie=UTF8&#038;hnear=Lyrskovgade%204,%201758,%20K\u00f8benhavn,%20Danmark&#038;ll=55.667646,12.543982&#038;spn=0.032821,0.100851&#038;z=14&#038;iwloc=A&#038;output=embed\"><\/iframe>\n\t\t\t<\/div><\/p>\n<p><strong>Grundplan<br \/>\n<a href=\"http:\/\/2011.denmark.wordcamp.org\/files\/2010\/05\/grundplan_w1024.jpg\"><img decoding=\"async\" class=\"alignnone size-full wp-image-213\" title=\"grundplan_w1024\" alt=\"\" src=\"http:\/\/2011.denmark.wordcamp.org\/files\/2010\/05\/grundplan_w1024.jpg\" width=\"600\" \/><\/a><\/strong><\/p>\n","protected":false},"excerpt":{"rendered":"<p>Adresse Vesterbro Kulturhus Lyrskovgade 4, 3. sal. 1758 K\u00f8benhavn V Parkering L\u00f8rdag: 10,- kr. pr. time indtil kl. 17 S\u00f8ndag: gratis Se ogs\u00e5: http:\/\/www.kk.dk\/Borger\/ByOgTrafik\/Parkering\/besoegende.aspx Busser Linje nummer 3A, 10 og med lidt god vilje linje 1A. Hvis du tager 1A, &hellip; <a href=\"https:\/\/copenhagen.wordcamp.org\/2013\/stedet\/\">Continue reading <span class=\"screen-reader-text\">Stedet<\/span>  <span class=\"meta-nav\">&rarr;<\/span><\/a><\/p>\n","protected":false},"author":8285699,"featured_media":0,"parent":0,"menu_order":0,"comment_status":"open","ping_status":"open","template":"","meta":{"jetpack_post_was_ever_published":false,"footnotes":""},"class_list":["post-10","page","type-page","status-publish","hentry"],"jetpack_sharing_enabled":true,"jetpack_shortlink":"https:\/\/wp.me\/P33sXg-a","_links":{"self":[{"href":"https:\/\/copenhagen.wordcamp.org\/2013\/wp-json\/wp\/v2\/pages\/10","targetHints":{"allow":["GET"]}}],"collection":[{"href":"https:\/\/copenhagen.wordcamp.org\/2013\/wp-json\/wp\/v2\/pages"}],"about":[{"href":"https:\/\/copenhagen.wordcamp.org\/2013\/wp-json\/wp\/v2\/types\/page"}],"author":[{"embeddable":true,"href":"https:\/\/copenhagen.wordcamp.org\/2013\/wp-json\/wp\/v2\/users\/8285699"}],"replies":[{"embeddable":true,"href":"https:\/\/copenhagen.wordcamp.org\/2013\/wp-json\/wp\/v2\/comments?post=10"}],"version-history":[{"count":3,"href":"https:\/\/copenhagen.wordcamp.org\/2013\/wp-json\/wp\/v2\/pages\/10\/revisions"}],"predecessor-version":[{"id":164,"href":"https:\/\/copenhagen.wordcamp.org\/2013\/wp-json\/wp\/v2\/pages\/10\/revisions\/164"}],"wp:attachment":[{"href":"https:\/\/copenhagen.wordcamp.org\/2013\/wp-json\/wp\/v2\/media?parent=10"}],"curies":[{"name":"wp","href":"https:\/\/api.w.org\/{rel}","templated":true}]}}